{"id":13,"date":"2023-06-06T11:35:49","date_gmt":"2023-06-06T09:35:49","guid":{"rendered":"https:\/\/kadence.web03.webtohosting.dk\/?page_id=13"},"modified":"2025-12-22T18:33:36","modified_gmt":"2025-12-22T17:33:36","slug":"kontakt-os","status":"publish","type":"page","link":"https:\/\/marielystnycamping.dk\/en\/kontakt-os\/","title":{"rendered":"Contact us"},"content":{"rendered":"<style>.kb-row-layout-id13_7b7caa-61 > .kt-row-column-wrap{align-content:start;}:where(.kb-row-layout-id13_7b7caa-61 > .kt-row-column-wrap) > .wp-block-kadence-column{justify-content:start;}.kb-row-layout-id13_7b7caa-61 > .kt-row-column-wrap{column-gap:var(--global-kb-gap-lg, 4rem);row-gap:var(--global-kb-gap-lg, 4rem);max-width:var( --global-content-width, 1350px );padding-left:var(--global-content-edge-padding);padding-right:var(--global-content-edge-padding);padding-top:var(--global-kb-spacing-3xl, 6.5rem);padding-bottom:var(--global-kb-spacing-3xl, 6.5rem);grid-template-columns:repeat(2, minmax(0, 1fr));}.kb-row-layout-id13_7b7caa-61 > .kt-row-layout-overlay{opacity:0.30;}@media all and (max-width: 1024px){.kb-row-layout-id13_7b7caa-61 > .kt-row-column-wrap{column-gap:var(--global-kb-gap-md, 2rem);row-gap:var(--global-kb-gap-md, 2rem);padding-top:var(--global-kb-spacing-xl, 4rem);padding-bottom:var(--global-kb-spacing-xl, 4rem);grid-template-columns:minmax(0, 1fr);}}@media all and (max-width: 767px){.kb-row-layout-id13_7b7caa-61 > .kt-row-column-wrap{column-gap:var(--global-kb-gap-md, 2rem);row-gap:var(--global-kb-gap-md, 2rem);padding-top:var(--global-kb-spacing-lg, 3rem);padding-bottom:var(--global-kb-spacing-lg, 3rem);grid-template-columns:minmax(0, 1fr);}}<\/style><div class=\"kb-row-layout-wrap kb-row-layout-id13_7b7caa-61 alignnone wp-block-kadence-rowlayout\"><div class=\"kt-row-column-wrap kt-has-2-columns kt-row-layout-equal kt-tab-layout-row kt-mobile-layout-row kt-row-valign-top kb-theme-content-width\">\n<style>.kadence-column13_dc680e-4e > .kt-inside-inner-col,.kadence-column13_dc680e-4e > .kt-inside-inner-col:before{border-top-left-radius:0px;border-top-right-radius:0px;border-bottom-right-radius:0px;border-bottom-left-radius:0px;}.kadence-column13_dc680e-4e > .kt-inside-inner-col{column-gap:var(--global-kb-gap-sm, 1rem);}.kadence-column13_dc680e-4e > .kt-inside-inner-col{flex-direction:column;}.kadence-column13_dc680e-4e > .kt-inside-inner-col > .aligncenter{width:100%;}.kadence-column13_dc680e-4e > .kt-inside-inner-col:before{opacity:0.3;}.kadence-column13_dc680e-4e{position:relative;}@media all and (max-width: 1024px){.kadence-column13_dc680e-4e > .kt-inside-inner-col{flex-direction:column;justify-content:center;}}@media all and (max-width: 767px){.kadence-column13_dc680e-4e > .kt-inside-inner-col{flex-direction:column;justify-content:center;}}<\/style>\n<div class=\"wp-block-kadence-column kadence-column13_dc680e-4e\"><div class=\"kt-inside-inner-col\"><style>.wp-block-kadence-advancedheading.kt-adv-heading13_467280-e4, .wp-block-kadence-advancedheading.kt-adv-heading13_467280-e4[data-kb-block=\"kb-adv-heading13_467280-e4\"]{max-width:480px;font-size:var(--global-kb-font-size-xl, 3rem);font-style:normal;}.wp-block-kadence-advancedheading.kt-adv-heading13_467280-e4 mark.kt-highlight, .wp-block-kadence-advancedheading.kt-adv-heading13_467280-e4[data-kb-block=\"kb-adv-heading13_467280-e4\"] mark.kt-highlight{font-family:Kalam;font-weight:400;font-style:normal;color:var(--global-palette1, #3182CE);-webkit-box-decoration-break:clone;box-decoration-break:clone;padding-top:0px;padding-right:0px;padding-bottom:0px;padding-left:0px;}.wp-block-kadence-advancedheading.kt-adv-heading13_467280-e4 img.kb-inline-image, .wp-block-kadence-advancedheading.kt-adv-heading13_467280-e4[data-kb-block=\"kb-adv-heading13_467280-e4\"] img.kb-inline-image{width:150px;vertical-align:baseline;}<\/style>\n<h2 class=\"kt-adv-heading13_467280-e4 wp-block-kadence-advancedheading\" data-kb-block=\"kb-adv-heading13_467280-e4\">How to find <mark true=\"true\" class=\"kt-highlight\">Marielyst Ny Camping<\/mark><\/h2>\n\n\n<style>.wp-block-kadence-iconlist.kt-svg-icon-list-items13_e1e8d2-3b:not(.this-stops-third-party-issues){margin-top:0px;margin-bottom:0px;}.wp-block-kadence-iconlist.kt-svg-icon-list-items13_e1e8d2-3b ul.kt-svg-icon-list:not(.this-prevents-issues):not(.this-stops-third-party-issues):not(.tijsloc){margin-top:var(--global-kb-spacing-sm, 1.5rem);margin-bottom:var(--global-kb-spacing-sm, 1.5rem);}.wp-block-kadence-iconlist.kt-svg-icon-list-items13_e1e8d2-3b ul.kt-svg-icon-list{grid-row-gap:5px;}.wp-block-kadence-iconlist.kt-svg-icon-list-items13_e1e8d2-3b .kb-svg-icon-wrap{color:var(--global-palette2, #2B6CB0);}.wp-block-kadence-iconlist.kt-svg-icon-list-items13_e1e8d2-3b ul.kt-svg-icon-list .kt-svg-icon-list-item-wrap .kt-svg-icon-list-single{margin-right:10px;}.kt-svg-icon-list-items13_e1e8d2-3b ul.kt-svg-icon-list .kt-svg-icon-list-level-0 .kt-svg-icon-list-single svg{font-size:20px;}.wp-block-kadence-iconlist.kt-svg-icon-list-items13_e1e8d2-3b .wp-block-kadence-listitem a{text-decoration:none;}.wp-block-kadence-iconlist.kt-svg-icon-list-items13_e1e8d2-3b ul.kt-svg-icon-list .wp-block-kadence-listitem a{color:rgba(16,24,28,0.8);}.wp-block-kadence-iconlist.kt-svg-icon-list-items13_e1e8d2-3b ul.kt-svg-icon-list .wp-block-kadence-listitem a:hover{color:var(--global-palette2, #2B6CB0);}<\/style>\n<div class=\"wp-block-kadence-iconlist kt-svg-icon-list-items kt-svg-icon-list-items13_e1e8d2-3b kt-svg-icon-list-columns-1 alignnone\"><ul class=\"kt-svg-icon-list\"><style>.kt-svg-icon-list-item-13_5b726a-3d .kt-svg-icon-list-text mark.kt-highlight{background-color:unset;font-style:normal;color:#f76a0c;-webkit-box-decoration-break:clone;box-decoration-break:clone;padding-top:0px;padding-right:0px;padding-bottom:0px;padding-left:0px;}<\/style>\n<li class=\"wp-block-kadence-listitem kt-svg-icon-list-item-wrap kt-svg-icon-list-item-13_5b726a-3d\"><a href=\"https:\/\/maps.app.goo.gl\/HPZErDSmvLDC97No8\" class=\"kt-svg-icon-link\" target=\"_blank\" rel=\"noopener noreferrer\"><span class=\"kb-svg-icon-wrap kb-svg-icon-fe_mapPin kt-svg-icon-list-single\"><svg viewbox=\"0 0 24 24\"  fill=\"none\" stroke=\"currentColor\" stroke-width=\"2\" stroke-linecap=\"round\" stroke-linejoin=\"round\" xmlns=\"http:\/\/www.w3.org\/2000\/svg\"  aria-hidden=\"true\"><path d=\"M21 10c0 7-9 13-9 13s-9-6-9-13a9 9 0 0 1 18 0z\"\/><circle cx=\"12\" cy=\"10\" r=\"3\"\/><\/svg><\/span><span class=\"kt-svg-icon-list-text\">Sildestrup \u00d8vej 14A, 4872 Idestrup<\/span><\/a><\/li>\n\n\n<style>.kt-svg-icon-list-item-13_439f34-12 .kt-svg-icon-list-text mark.kt-highlight{background-color:unset;font-style:normal;color:#f76a0c;-webkit-box-decoration-break:clone;box-decoration-break:clone;padding-top:0px;padding-right:0px;padding-bottom:0px;padding-left:0px;}<\/style>\n<li class=\"wp-block-kadence-listitem kt-svg-icon-list-item-wrap kt-svg-icon-list-item-13_439f34-12\"><a href=\"tel:24441650\" class=\"kt-svg-icon-link\"><span class=\"kb-svg-icon-wrap kb-svg-icon-fe_phone kt-svg-icon-list-single\"><svg viewbox=\"0 0 24 24\"  fill=\"none\" stroke=\"currentColor\" stroke-width=\"2\" stroke-linecap=\"round\" stroke-linejoin=\"round\" xmlns=\"http:\/\/www.w3.org\/2000\/svg\"  aria-hidden=\"true\"><path d=\"M22 16.92v3a2 2 0 0 1-2.18 2 19.79 19.79 0 0 1-8.63-3.07 19.5 19.5 0 0 1-6-6 19.79 19.79 0 0 1-3.07-8.67A2 2 0 0 1 4.11 2h3a2 2 0 0 1 2 1.72 12.84 12.84 0 0 0 .7 2.81 2 2 0 0 1-.45 2.11L8.09 9.91a16 16 0 0 0 6 6l1.27-1.27a2 2 0 0 1 2.11-.45 12.84 12.84 0 0 0 2.81.7A2 2 0 0 1 22 16.92z\"\/><\/svg><\/span><span class=\"kt-svg-icon-list-text\">+45 24 44 16 50<\/span><\/a><\/li>\n\n\n<style>.kt-svg-icon-list-item-13_7030b7-06 .kt-svg-icon-list-text mark.kt-highlight{background-color:unset;font-style:normal;color:#f76a0c;-webkit-box-decoration-break:clone;box-decoration-break:clone;padding-top:0px;padding-right:0px;padding-bottom:0px;padding-left:0px;}<\/style>\n<li class=\"wp-block-kadence-listitem kt-svg-icon-list-item-wrap kt-svg-icon-list-item-13_7030b7-06\"><a href=\"mailto:ferie@marielystnycamping.dk\" class=\"kt-svg-icon-link\"><span class=\"kb-svg-icon-wrap kb-svg-icon-fe_mail kt-svg-icon-list-single\"><svg viewbox=\"0 0 24 24\"  fill=\"none\" stroke=\"currentColor\" stroke-width=\"2\" stroke-linecap=\"round\" stroke-linejoin=\"round\" xmlns=\"http:\/\/www.w3.org\/2000\/svg\"  aria-hidden=\"true\"><path d=\"M4 4h16c1.1 0 2 .9 2 2v12c0 1.1-.9 2-2 2H4c-1.1 0-2-.9-2-2V6c0-1.1.9-2 2-2z\"\/><polyline points=\"22,6 12,13 2,6\"\/><\/svg><\/span><span class=\"kt-svg-icon-list-text\">ferie@marielystnycamping.dk<\/span><\/a><\/li>\n\n\n<style>.kt-svg-icon-list-item-13_0d7ff9-9f .kt-svg-icon-list-text mark.kt-highlight{background-color:unset;font-style:normal;color:#f76a0c;-webkit-box-decoration-break:clone;box-decoration-break:clone;padding-top:0px;padding-right:0px;padding-bottom:0px;padding-left:0px;}<\/style>\n<li class=\"wp-block-kadence-listitem kt-svg-icon-list-item-wrap kt-svg-icon-list-item-13_0d7ff9-9f\"><a href=\"https:\/\/datacvr.virk.dk\/enhed\/virksomhed\/39028395?fritekst=39028395&amp;sideIndex=0&amp;size=10\" class=\"kt-svg-icon-link\" target=\"_blank\" rel=\"noopener noreferrer\"><span class=\"kb-svg-icon-wrap kb-svg-icon-fe_briefcase kt-svg-icon-list-single\"><svg viewbox=\"0 0 24 24\"  fill=\"none\" stroke=\"currentColor\" stroke-width=\"2\" stroke-linecap=\"round\" stroke-linejoin=\"round\" xmlns=\"http:\/\/www.w3.org\/2000\/svg\"  aria-hidden=\"true\"><rect x=\"2\" y=\"7\" width=\"20\" height=\"14\" rx=\"2\" ry=\"2\"\/><path d=\"M16 21V5a2 2 0 0 0-2-2h-4a2 2 0 0 0-2 2v16\"\/><\/svg><\/span><span class=\"kt-svg-icon-list-text\">CVR: 39028395<\/span><\/a><\/li>\n<\/ul><\/div>\n\n\n<style>.kb-google-maps-container13_0b37f3-f8{height:300px;}<\/style><div class=\"kb-google-maps-container kb-google-maps-container13_0b37f3-f8  wp-block-kadence-googlemaps\" data-mapid=\"13_0b37f3f8\"><iframe width=\"100%\" height=\"100%\"\n\t\t\t\t\t\t\tstyle=\"border:0\" loading=\"lazy\"\n\t\t\t\t\t\t\tsrc=\"https:\/\/www.google.com\/maps\/embed\/v1\/place?key=AIzaSyBAM2o7PiQqwk15LC1XRH2e_KJ-jUa7KYk&#038;zoom=15&#038;maptype=satellite&#038;q=Marielyst+Ny+Camping\"\n\t\t\t\t\t\t\ttitle=\"Google map of Marielyst Ny Camping\"><\/iframe><\/div><script>function kb_google_map13_0b37f3f8() { let center = { lat: 37.8201, lng: -122.4781}; let map = new google.maps.Map(document.getElementById(\"kb-google-map13_0b37f3f8\"), {\n\t\t\t\t\t    zoom: 15,\n\t\t\t\t\t    center: center,mapTypeId: \"satellite\",});let marker = new google.maps.Marker({   position: { lat: 37.8201, lng: -122.4781},    map: map,  });}<\/script><\/div><\/div>\n\n\n<style>.kadence-column13_13218a-d5 > .kt-inside-inner-col,.kadence-column13_13218a-d5 > .kt-inside-inner-col:before{border-top-left-radius:0.5em;border-top-right-radius:0.5em;border-bottom-right-radius:0.5em;border-bottom-left-radius:0.5em;}.kadence-column13_13218a-d5 > .kt-inside-inner-col{column-gap:var(--global-kb-gap-sm, 1rem);}.kadence-column13_13218a-d5 > .kt-inside-inner-col{flex-direction:column;}.kadence-column13_13218a-d5 > .kt-inside-inner-col > .aligncenter{width:100%;}.kadence-column13_13218a-d5 > .kt-inside-inner-col{background-color:var(--global-palette8, #F7FAFC);}.kadence-column13_13218a-d5 > .kt-inside-inner-col:before{opacity:0.3;}.kadence-column13_13218a-d5{position:relative;}@media all and (max-width: 1024px){.kadence-column13_13218a-d5 > .kt-inside-inner-col{padding-top:0px;padding-right:0px;padding-bottom:0px;padding-left:0px;flex-direction:column;justify-content:center;}}@media all and (max-width: 767px){.kadence-column13_13218a-d5 > .kt-inside-inner-col{padding-top:0px;padding-right:0px;padding-bottom:0px;padding-left:0px;flex-direction:column;justify-content:center;}}<\/style>\n<div class=\"wp-block-kadence-column kadence-column13_13218a-d5\"><div class=\"kt-inside-inner-col\"><style>.kb-row-layout-id13_346d2d-02 > .kt-row-column-wrap{align-content:start;}:where(.kb-row-layout-id13_346d2d-02 > .kt-row-column-wrap) > .wp-block-kadence-column{justify-content:start;}.kb-row-layout-id13_346d2d-02 > .kt-row-column-wrap{column-gap:var(--global-kb-gap-md, 2rem);row-gap:var(--global-kb-gap-none, 0rem );max-width:var( --global-content-width, 1350px );padding-left:var(--global-content-edge-padding);padding-right:var(--global-content-edge-padding);padding-top:0px;padding-right:0px;padding-bottom:0px;padding-left:0px;grid-template-columns:minmax(0, 1fr);}.kb-row-layout-id13_346d2d-02{border-top-left-radius:0.5em;border-top-right-radius:0.5em;border-bottom-right-radius:0.5em;border-bottom-left-radius:0.5em;overflow:clip;isolation:isolate;}.kb-row-layout-id13_346d2d-02 > .kt-row-layout-overlay{border-top-left-radius:0.5em;border-top-right-radius:0.5em;border-bottom-right-radius:0.5em;border-bottom-left-radius:0.5em;}.kb-row-layout-id13_346d2d-02 > .kt-row-layout-overlay{opacity:0.30;}@media all and (max-width: 1024px){.kb-row-layout-id13_346d2d-02 > .kt-row-column-wrap{column-gap:var(--global-kb-gap-md, 2rem);row-gap:var(--global-kb-gap-none, 0rem );padding-top:0px;padding-right:0px;padding-bottom:0px;padding-left:0px;grid-template-columns:minmax(0, 1fr);}}@media all and (max-width: 767px){.kb-row-layout-id13_346d2d-02 > .kt-row-column-wrap{column-gap:var(--global-kb-gap-md, 2rem);row-gap:var(--global-kb-gap-none, 0rem );padding-top:0px;padding-right:0px;padding-bottom:0px;padding-left:0px;grid-template-columns:minmax(0, 1fr);}}<\/style><div class=\"kb-row-layout-wrap kb-row-layout-id13_346d2d-02 alignnone wp-block-kadence-rowlayout\"><div class=\"kt-row-column-wrap kt-has-2-columns kt-row-layout-row kt-tab-layout-inherit kt-mobile-layout-row kt-row-valign-top kb-theme-content-width\">\n<style>.kadence-column13_af13fd-5e > .kt-inside-inner-col{display:flex;}.kadence-column13_af13fd-5e > .kt-inside-inner-col{padding-top:var(--global-kb-spacing-xs, 1rem);padding-right:var(--global-kb-spacing-md, 2rem);padding-bottom:var(--global-kb-spacing-xs, 1rem);padding-left:var(--global-kb-spacing-md, 2rem);}.kadence-column13_af13fd-5e > .kt-inside-inner-col{min-height:250px;}.kadence-column13_af13fd-5e > .kt-inside-inner-col,.kadence-column13_af13fd-5e > .kt-inside-inner-col:before{border-top-left-radius:0px;border-top-right-radius:0px;border-bottom-right-radius:0px;border-bottom-left-radius:0px;}.kadence-column13_af13fd-5e > .kt-inside-inner-col{column-gap:var(--global-kb-gap-sm, 1rem);}.kadence-column13_af13fd-5e > .kt-inside-inner-col{flex-direction:column;justify-content:flex-end;}.kadence-column13_af13fd-5e > .kt-inside-inner-col > .aligncenter{width:100%;}.kt-row-column-wrap > .kadence-column13_af13fd-5e{align-self:flex-end;}.kt-inner-column-height-full:not(.kt-has-1-columns) > .wp-block-kadence-column.kadence-column13_af13fd-5e{align-self:auto;}.kt-inner-column-height-full:not(.kt-has-1-columns) > .wp-block-kadence-column.kadence-column13_af13fd-5e > .kt-inside-inner-col{flex-direction:column;justify-content:flex-end;}.kadence-column13_af13fd-5e > .kt-inside-inner-col{background-image:url('https:\/\/marielystnycamping.dk\/wp-content\/uploads\/448139_650_1200_17_0_988_683_2.avif');background-size:cover;background-position:52% 19%;background-attachment:scroll;background-repeat:no-repeat;}.kadence-column13_af13fd-5e > .kt-inside-inner-col:before{opacity:1;background-image:linear-gradient(0deg,var(--global-palette3,#182126) 0%,rgba(20,39,109,0) 46%);}.kadence-column13_af13fd-5e{position:relative;}@media all and (max-width: 1024px){.kt-row-column-wrap > .kadence-column13_af13fd-5e{align-self:flex-end;}}@media all and (max-width: 1024px){.kt-inner-column-height-full:not(.kt-has-1-columns) > .wp-block-kadence-column.kadence-column13_af13fd-5e{align-self:auto;}}@media all and (max-width: 1024px){.kt-inner-column-height-full:not(.kt-has-1-columns) > .wp-block-kadence-column.kadence-column13_af13fd-5e > .kt-inside-inner-col{flex-direction:column;justify-content:flex-end;}}@media all and (max-width: 1024px){.kadence-column13_af13fd-5e > .kt-inside-inner-col{flex-direction:column;justify-content:flex-end;}}@media all and (max-width: 767px){.kt-row-column-wrap > .kadence-column13_af13fd-5e{align-self:flex-end;}.kt-inner-column-height-full:not(.kt-has-1-columns) > .wp-block-kadence-column.kadence-column13_af13fd-5e{align-self:auto;}.kt-inner-column-height-full:not(.kt-has-1-columns) > .wp-block-kadence-column.kadence-column13_af13fd-5e > .kt-inside-inner-col{flex-direction:column;justify-content:flex-end;}.kadence-column13_af13fd-5e > .kt-inside-inner-col{flex-direction:column;justify-content:flex-end;}}<\/style>\n<div class=\"wp-block-kadence-column kadence-column13_af13fd-5e kb-section-has-overlay\"><div class=\"kt-inside-inner-col\"><style>.wp-block-kadence-advancedheading.kt-adv-heading13_a82997-9a, .wp-block-kadence-advancedheading.kt-adv-heading13_a82997-9a[data-kb-block=\"kb-adv-heading13_a82997-9a\"]{max-width:480px;text-align:left;font-size:var(--global-kb-font-size-lg, 2rem);font-style:normal;}.wp-block-kadence-advancedheading.kt-adv-heading13_a82997-9a mark.kt-highlight, .wp-block-kadence-advancedheading.kt-adv-heading13_a82997-9a[data-kb-block=\"kb-adv-heading13_a82997-9a\"] mark.kt-highlight{font-family:Kalam;font-weight:400;font-style:normal;color:var(--global-palette1, #3182CE);-webkit-box-decoration-break:clone;box-decoration-break:clone;padding-top:0px;padding-right:0px;padding-bottom:0px;padding-left:0px;}.wp-block-kadence-advancedheading.kt-adv-heading13_a82997-9a img.kb-inline-image, .wp-block-kadence-advancedheading.kt-adv-heading13_a82997-9a[data-kb-block=\"kb-adv-heading13_a82997-9a\"] img.kb-inline-image{width:150px;vertical-align:baseline;}<\/style>\n<h3 class=\"kt-adv-heading13_a82997-9a line wp-block-kadence-advancedheading has-theme-palette-9-color has-text-color\" data-kb-block=\"kb-adv-heading13_a82997-9a\">Do you need <mark true=\"true\" class=\"kt-highlight\">help?<\/mark><\/h3>\n<\/div><\/div>\n\n\n<style>.kadence-column13_e2e276-0c > .kt-inside-inner-col{padding-top:var(--global-kb-spacing-md, 2rem);padding-right:var(--global-kb-spacing-md, 2rem);padding-bottom:var(--global-kb-spacing-md, 2rem);padding-left:var(--global-kb-spacing-md, 2rem);}.kadence-column13_e2e276-0c > .kt-inside-inner-col,.kadence-column13_e2e276-0c > .kt-inside-inner-col:before{border-top-left-radius:0px;border-top-right-radius:0px;border-bottom-right-radius:0px;border-bottom-left-radius:0px;}.kadence-column13_e2e276-0c > .kt-inside-inner-col{column-gap:var(--global-kb-gap-sm, 1rem);}.kadence-column13_e2e276-0c > .kt-inside-inner-col{flex-direction:column;}.kadence-column13_e2e276-0c > .kt-inside-inner-col > .aligncenter{width:100%;}.kadence-column13_e2e276-0c > .kt-inside-inner-col:before{opacity:0.3;}.kadence-column13_e2e276-0c{position:relative;}@media all and (max-width: 1024px){.kadence-column13_e2e276-0c > .kt-inside-inner-col{flex-direction:column;justify-content:center;}}@media all and (max-width: 767px){.kadence-column13_e2e276-0c > .kt-inside-inner-col{flex-direction:column;justify-content:center;}}<\/style>\n<div class=\"wp-block-kadence-column kadence-column13_e2e276-0c\"><div class=\"kt-inside-inner-col\"><style>.wp-block-kadence-advancedheading.kt-adv-heading13_b077a2-04, .wp-block-kadence-advancedheading.kt-adv-heading13_b077a2-04[data-kb-block=\"kb-adv-heading13_b077a2-04\"]{font-style:normal;}.wp-block-kadence-advancedheading.kt-adv-heading13_b077a2-04 mark.kt-highlight, .wp-block-kadence-advancedheading.kt-adv-heading13_b077a2-04[data-kb-block=\"kb-adv-heading13_b077a2-04\"] mark.kt-highlight{font-style:normal;color:#f76a0c;-webkit-box-decoration-break:clone;box-decoration-break:clone;padding-top:0px;padding-right:0px;padding-bottom:0px;padding-left:0px;}.wp-block-kadence-advancedheading.kt-adv-heading13_b077a2-04 img.kb-inline-image, .wp-block-kadence-advancedheading.kt-adv-heading13_b077a2-04[data-kb-block=\"kb-adv-heading13_b077a2-04\"] img.kb-inline-image{width:150px;vertical-align:baseline;}<\/style>\n<p class=\"kt-adv-heading13_b077a2-04 wp-block-kadence-advancedheading\" data-kb-block=\"kb-adv-heading13_b077a2-04\">Send us a message regarding questions, cabin bookings or anything else \u2013 we are always happy to help.<\/p>\n\n\n<style>.wp-block-kadence-advanced-form254-cpt-id .kb-advanced-form{gap:var(--global-kb-gap-xs, 0.5rem );}<\/style><div class=\"wp-block-kadence-advanced-form wp-block-kadence-advanced-form254-cpt-id kb-adv-form-label-style-infield kb-adv-form-input-size-standard kb-form-basic-style wp-block-kadence-advanced-form\"><form id=\"kb-adv-form-254-cpt-id\" class=\"kb-advanced-form\" method=\"post\" data-error-message=\"Kig fejl igennem og pr\u00f8v igen.\" data-kb-events=\"yes\" action=\"\">\n<div class=\"kb-adv-form-field kb-adv-form-text-type-input kb-adv-form-infield-type-input kb-field254958ae8-cc wp-block-kadence-advanced-form-text\"><label class=\"kb-adv-form-label\" for=\"field254958ae8-cc\">Your name<\/label><input name=\"field958ae8-cc\" id=\"field254958ae8-cc\" data-label=\"Navn\" type=\"text\" placeholder=\"\" value=\"\" data-type=\"text\" class=\"kb-field kb-text-field\" data-required=\"no\" \/><\/div>\n\n<div class=\"kb-adv-form-field kb-adv-form-text-type-input kb-adv-form-infield-type-input kb-field254410d61-4d wp-block-kadence-advanced-form-email\"><label class=\"kb-adv-form-label\" for=\"field254410d61-4d\">Email<span class=\"kb-adv-form-required\">*<\/span><\/label><input name=\"field410d61-4d\" id=\"field254410d61-4d\" data-label=\"Email\" type=\"email\" placeholder=\"\" value=\"\" data-type=\"email\" class=\"kb-field kb-email-field\" data-required=\"yes\" required aria-required=\"true\"\/><\/div>\n\n<div class=\"kb-adv-form-field kb-adv-form-text-type-input kb-adv-form-infield-type-input kb-field254cef33c-ff wp-block-kadence-advanced-form-textarea\"><label class=\"kb-adv-form-label\" for=\"field254cef33c-ff\">Message<span class=\"kb-adv-form-required\">*<\/span><\/label><textarea name=\"fieldcef33c-ff\" id=\"field254cef33c-ff\" rows=\"2\"  data-label=\"Besked\" placeholder=\"\" data-type=\"textarea\" class=\"kb-field kb-textarea-field\" data-required=\"yes\" required aria-required=\"true\"><\/textarea><\/div>\n\n<style>.wp-block-kadence-advancedheading.kt-adv-heading13_b3b64c-38, .wp-block-kadence-advancedheading.kt-adv-heading13_b3b64c-38[data-kb-block=\"kb-adv-heading13_b3b64c-38\"]{font-size:var(--global-kb-font-size-sm, 0.9rem);font-style:normal;}.wp-block-kadence-advancedheading.kt-adv-heading13_b3b64c-38 mark.kt-highlight, .wp-block-kadence-advancedheading.kt-adv-heading13_b3b64c-38[data-kb-block=\"kb-adv-heading13_b3b64c-38\"] mark.kt-highlight{font-style:normal;color:#f76a0c;-webkit-box-decoration-break:clone;box-decoration-break:clone;padding-top:0px;padding-right:0px;padding-bottom:0px;padding-left:0px;}.wp-block-kadence-advancedheading.kt-adv-heading13_b3b64c-38 img.kb-inline-image, .wp-block-kadence-advancedheading.kt-adv-heading13_b3b64c-38[data-kb-block=\"kb-adv-heading13_b3b64c-38\"] img.kb-inline-image{width:150px;vertical-align:baseline;}<\/style>\n<p class=\"kt-adv-heading13_b3b64c-38 wp-block-kadence-advancedheading\" data-kb-block=\"kb-adv-heading13_b3b64c-38\"><em>Bem\u00e6rk, at det ikke er tilladt at fremsende f\u00f8lsomme oplysninger via formularen.<\/em><\/p>\n\n\n<style>ul.menu .kb-submit-field .kb-btnbbd132-c2.kb-button{width:initial;}.kb-submit-field.kb-fieldbbd132-c2{justify-content:flex-start;}<\/style><div class=\"kb-adv-form-field kb-submit-field kb-fieldbbd132-c2 wp-block-kadence-advanced-form-submit\"><button class=\"kb-button kt-button button kb-adv-form-submit-button kb-btnbbd132-c2 kt-btn-size-standard kt-btn-width-type-full kb-btn-global-inherit kt-btn-has-text-true kt-btn-has-svg-false wp-block-button__link\" type=\"submit\"><span class=\"kt-btn-inner-text\">Send message<\/span><\/button><\/div>\n<input type=\"hidden\" name=\"_kb_adv_form_post_id\" value=\"254\"><input type=\"hidden\" name=\"action\" value=\"kb_process_advanced_form_submit\"><input type=\"hidden\" name=\"_kb_adv_form_id\" value=\"254-cpt-id\"><input type=\"hidden\" name=\"trp-form-language\" value=\"en\"\/><\/form><\/div><\/div><\/div>\n\n<\/div><\/div><\/div><\/div>\n\n<\/div><\/div>","protected":false},"excerpt":{"rendered":"<p>Her finder du Marielyst Ny Camping Har du brug for hj\u00e6lp? Send os en besked ang\u00e5ende sp\u00f8rgsm\u00e5l, booking af hytter eller noget helt tredje &#8211; vi vil altid gerne hj\u00e6lpe.<\/p>","protected":false},"author":1,"featured_media":1060,"parent":0,"menu_order":0,"comment_status":"closed","ping_status":"closed","template":"","meta":{"_acf_changed":false,"inline_featured_image":false,"_kad_blocks_custom_css":"","_kad_blocks_head_custom_js":"","_kad_blocks_body_custom_js":"","_kad_blocks_footer_custom_js":"","_kad_post_transparent":"","_kad_post_title":"","_kad_post_layout":"","_kad_post_sidebar_id":"","_kad_post_content_style":"","_kad_post_vertical_padding":"","_kad_post_feature":"","_kad_post_feature_position":"","_kad_post_header":false,"_kad_post_footer":false,"_kad_post_classname":"","footnotes":""},"class_list":["post-13","page","type-page","status-publish","has-post-thumbnail","hentry"],"acf":[],"taxonomy_info":[],"featured_image_src_large":["https:\/\/marielystnycamping.dk\/wp-content\/uploads\/Marinlyst-Ny-Camping-49-1024x576.jpg",1024,576,true],"author_info":{"display_name":"webto","author_link":"https:\/\/marielystnycamping.dk\/en\/author\/webto\/"},"comment_info":0,"_links":{"self":[{"href":"https:\/\/marielystnycamping.dk\/en\/wp-json\/wp\/v2\/pages\/13","targetHints":{"allow":["GET"]}}],"collection":[{"href":"https:\/\/marielystnycamping.dk\/en\/wp-json\/wp\/v2\/pages"}],"about":[{"href":"https:\/\/marielystnycamping.dk\/en\/wp-json\/wp\/v2\/types\/page"}],"author":[{"embeddable":true,"href":"https:\/\/marielystnycamping.dk\/en\/wp-json\/wp\/v2\/users\/1"}],"replies":[{"embeddable":true,"href":"https:\/\/marielystnycamping.dk\/en\/wp-json\/wp\/v2\/comments?post=13"}],"version-history":[{"count":6,"href":"https:\/\/marielystnycamping.dk\/en\/wp-json\/wp\/v2\/pages\/13\/revisions"}],"predecessor-version":[{"id":1670,"href":"https:\/\/marielystnycamping.dk\/en\/wp-json\/wp\/v2\/pages\/13\/revisions\/1670"}],"wp:featuredmedia":[{"embeddable":true,"href":"https:\/\/marielystnycamping.dk\/en\/wp-json\/wp\/v2\/media\/1060"}],"wp:attachment":[{"href":"https:\/\/marielystnycamping.dk\/en\/wp-json\/wp\/v2\/media?parent=13"}],"curies":[{"name":"wp","href":"https:\/\/api.w.org\/{rel}","templated":true}]}}