{"id":1228,"date":"2025-11-10T09:23:45","date_gmt":"2025-11-10T08:23:45","guid":{"rendered":"https:\/\/marielystnycamping.dk.web09.webtohosting.dk\/?page_id=1228"},"modified":"2025-12-22T18:35:56","modified_gmt":"2025-12-22T17:35:56","slug":"praktisk-information","status":"publish","type":"page","link":"https:\/\/marielystnycamping.dk\/en\/praktisk-information\/","title":{"rendered":"Practical information"},"content":{"rendered":"<style>.kb-row-layout-id1228_c7661b-8a > .kt-row-column-wrap{align-content:start;}:where(.kb-row-layout-id1228_c7661b-8a > .kt-row-column-wrap) > .wp-block-kadence-column{justify-content:start;}.kb-row-layout-id1228_c7661b-8a > .kt-row-column-wrap{column-gap:var(--global-kb-gap-lg, 4rem);row-gap:var(--global-kb-gap-lg, 4rem);max-width:var( --global-content-width, 1350px );padding-left:var(--global-content-edge-padding);padding-right:var(--global-content-edge-padding);padding-top:var(--global-kb-spacing-3xl, 6.5rem);padding-bottom:var(--global-kb-spacing-3xl, 6.5rem);grid-template-columns:minmax(0, calc(60% - ((var(--global-kb-gap-lg, 4rem) * 1 )\/2)))minmax(0, calc(40% - ((var(--global-kb-gap-lg, 4rem) * 1 )\/2)));}.kb-row-layout-id1228_c7661b-8a > .kt-row-layout-overlay{opacity:0.30;}@media all and (max-width: 1024px){.kb-row-layout-id1228_c7661b-8a > .kt-row-column-wrap{column-gap:var(--global-kb-gap-md, 2rem);row-gap:var(--global-kb-gap-md, 2rem);padding-top:var(--global-kb-spacing-xl, 4rem);padding-bottom:var(--global-kb-spacing-xl, 4rem);grid-template-columns:repeat(2, minmax(0, 1fr));}}@media all and (max-width: 767px){.kb-row-layout-id1228_c7661b-8a > .kt-row-column-wrap{column-gap:var(--global-kb-gap-md, 2rem);row-gap:var(--global-kb-gap-md, 2rem);padding-top:var(--global-kb-spacing-lg, 3rem);padding-bottom:var(--global-kb-spacing-lg, 3rem);grid-template-columns:minmax(0, 1fr);}}<\/style><div class=\"kb-row-layout-wrap kb-row-layout-id1228_c7661b-8a alignnone wp-block-kadence-rowlayout\"><div class=\"kt-row-column-wrap kt-has-2-columns kt-row-layout-equal kt-tab-layout-inherit kt-mobile-layout-row kt-row-valign-top kb-theme-content-width\">\n<style>.kadence-column1228_10dbb9-7a > .kt-inside-inner-col,.kadence-column1228_10dbb9-7a > .kt-inside-inner-col:before{border-top-left-radius:0px;border-top-right-radius:0px;border-bottom-right-radius:0px;border-bottom-left-radius:0px;}.kadence-column1228_10dbb9-7a > .kt-inside-inner-col{column-gap:var(--global-kb-gap-sm, 1rem);}.kadence-column1228_10dbb9-7a > .kt-inside-inner-col{flex-direction:column;}.kadence-column1228_10dbb9-7a > .kt-inside-inner-col > .aligncenter{width:100%;}.kadence-column1228_10dbb9-7a > .kt-inside-inner-col:before{opacity:0.3;}.kadence-column1228_10dbb9-7a{position:relative;}@media all and (max-width: 1024px){.kadence-column1228_10dbb9-7a > .kt-inside-inner-col{flex-direction:column;justify-content:center;}}@media all and (max-width: 767px){.kadence-column1228_10dbb9-7a > .kt-inside-inner-col{flex-direction:column;justify-content:center;}}<\/style>\n<div class=\"wp-block-kadence-column kadence-column1228_10dbb9-7a\"><div class=\"kt-inside-inner-col\"><style>.wp-block-kadence-advancedheading.kt-adv-heading1228_a4de59-0d, .wp-block-kadence-advancedheading.kt-adv-heading1228_a4de59-0d[data-kb-block=\"kb-adv-heading1228_a4de59-0d\"]{max-width:675px;font-style:normal;}.wp-block-kadence-advancedheading.kt-adv-heading1228_a4de59-0d mark.kt-highlight, .wp-block-kadence-advancedheading.kt-adv-heading1228_a4de59-0d[data-kb-block=\"kb-adv-heading1228_a4de59-0d\"] mark.kt-highlight{font-family:Kalam;font-weight:400;font-style:normal;color:var(--global-palette1, #3182CE);-webkit-box-decoration-break:clone;box-decoration-break:clone;padding-top:0px;padding-right:0px;padding-bottom:0px;padding-left:0px;}.wp-block-kadence-advancedheading.kt-adv-heading1228_a4de59-0d img.kb-inline-image, .wp-block-kadence-advancedheading.kt-adv-heading1228_a4de59-0d[data-kb-block=\"kb-adv-heading1228_a4de59-0d\"] img.kb-inline-image{width:150px;vertical-align:baseline;}<\/style>\n<h2 class=\"kt-adv-heading1228_a4de59-0d wp-block-kadence-advancedheading\" data-kb-block=\"kb-adv-heading1228_a4de59-0d\">Practical information<\/h2>\n\n\n\n<p>The camp manager\u2019s instructions must be followed. If any doubts arise regarding the unit or conditions on the campsite, the camp manager\u2019s decision is final. If the rules are violated, you may be expelled from the campsite.<\/p>\n\n\n<style>.wp-block-kadence-advancedheading.kt-adv-heading1228_6fe37d-9e, .wp-block-kadence-advancedheading.kt-adv-heading1228_6fe37d-9e[data-kb-block=\"kb-adv-heading1228_6fe37d-9e\"]{max-width:675px;font-style:normal;}.wp-block-kadence-advancedheading.kt-adv-heading1228_6fe37d-9e mark.kt-highlight, .wp-block-kadence-advancedheading.kt-adv-heading1228_6fe37d-9e[data-kb-block=\"kb-adv-heading1228_6fe37d-9e\"] mark.kt-highlight{font-family:Kalam;font-weight:400;font-style:normal;color:var(--global-palette1, #3182CE);-webkit-box-decoration-break:clone;box-decoration-break:clone;padding-top:0px;padding-right:0px;padding-bottom:0px;padding-left:0px;}.wp-block-kadence-advancedheading.kt-adv-heading1228_6fe37d-9e img.kb-inline-image, .wp-block-kadence-advancedheading.kt-adv-heading1228_6fe37d-9e[data-kb-block=\"kb-adv-heading1228_6fe37d-9e\"] img.kb-inline-image{width:150px;vertical-align:baseline;}<\/style>\n<h3 class=\"kt-adv-heading1228_6fe37d-9e wp-block-kadence-advancedheading\" data-kb-block=\"kb-adv-heading1228_6fe37d-9e\">Arrival and departure<\/h3>\n\n\n\n<p>You can check in from 14:00, when the unit becomes available. When your holiday is over and it\u2019s time to go home, you must depart no later than 11:00. Payment must be made between 09:00 and 11:00 on the day of departure.&nbsp;<\/p>\n\n\n\n<p>Upon arrival, you will receive a chip card, which functions as a key card for the entrance barrier, showers and toilets. If the card is lost, please contact the shop\/reception as soon as possible. The chip card is personal and may not be used to grant access to other guests.<\/p>\n\n\n<style>.wp-block-kadence-advancedheading.kt-adv-heading1228_a0a9b7-d8, .wp-block-kadence-advancedheading.kt-adv-heading1228_a0a9b7-d8[data-kb-block=\"kb-adv-heading1228_a0a9b7-d8\"]{max-width:675px;font-style:normal;}.wp-block-kadence-advancedheading.kt-adv-heading1228_a0a9b7-d8 mark.kt-highlight, .wp-block-kadence-advancedheading.kt-adv-heading1228_a0a9b7-d8[data-kb-block=\"kb-adv-heading1228_a0a9b7-d8\"] mark.kt-highlight{font-family:Kalam;font-weight:400;font-style:normal;color:var(--global-palette1, #3182CE);-webkit-box-decoration-break:clone;box-decoration-break:clone;padding-top:0px;padding-right:0px;padding-bottom:0px;padding-left:0px;}.wp-block-kadence-advancedheading.kt-adv-heading1228_a0a9b7-d8 img.kb-inline-image, .wp-block-kadence-advancedheading.kt-adv-heading1228_a0a9b7-d8[data-kb-block=\"kb-adv-heading1228_a0a9b7-d8\"] img.kb-inline-image{width:150px;vertical-align:baseline;}<\/style>\n<h3 class=\"kt-adv-heading1228_a0a9b7-d8 wp-block-kadence-advancedheading\" data-kb-block=\"kb-adv-heading1228_a0a9b7-d8\">Quick stop<\/h3>\n\n\n\n<p>If you want a quick overnight stay without the need to use our facilities, the quick stop pitches without electricity outside the barrier can be used between 20:00 and 08:00 for a fee. You have the option to purchase shower access, water refill and wastewater disposal. Call for booking and prices.<\/p>\n\n\n<style>.wp-block-kadence-advancedheading.kt-adv-heading1228_1af9ff-e4, .wp-block-kadence-advancedheading.kt-adv-heading1228_1af9ff-e4[data-kb-block=\"kb-adv-heading1228_1af9ff-e4\"]{max-width:675px;font-style:normal;}.wp-block-kadence-advancedheading.kt-adv-heading1228_1af9ff-e4 mark.kt-highlight, .wp-block-kadence-advancedheading.kt-adv-heading1228_1af9ff-e4[data-kb-block=\"kb-adv-heading1228_1af9ff-e4\"] mark.kt-highlight{font-family:Kalam;font-weight:400;font-style:normal;color:var(--global-palette1, #3182CE);-webkit-box-decoration-break:clone;box-decoration-break:clone;padding-top:0px;padding-right:0px;padding-bottom:0px;padding-left:0px;}.wp-block-kadence-advancedheading.kt-adv-heading1228_1af9ff-e4 img.kb-inline-image, .wp-block-kadence-advancedheading.kt-adv-heading1228_1af9ff-e4[data-kb-block=\"kb-adv-heading1228_1af9ff-e4\"] img.kb-inline-image{width:150px;vertical-align:baseline;}<\/style>\n<h3 class=\"kt-adv-heading1228_1af9ff-e4 wp-block-kadence-advancedheading\" data-kb-block=\"kb-adv-heading1228_1af9ff-e4\">Barrier and car<\/h3>\n\n\n\n<p>The barrier is closed between 22:00 and 07:00. During this period, driving on the campsite is not permitted. The maximum speed on the campsite is 10 km\/h, and the traffic is one-way. Please follow the roads and paths, and respect the privacy of your fellow campers.<\/p>\n\n\n\n<p>Only one car is allowed per pitch. Any additional car must be parked in the parking area. Electric cars, hybrid cars and similar vehicles can be charged in the parking area (not on the pitch).<\/p>\n\n\n<style>.wp-block-kadence-advancedheading.kt-adv-heading1228_cb820c-fa, .wp-block-kadence-advancedheading.kt-adv-heading1228_cb820c-fa[data-kb-block=\"kb-adv-heading1228_cb820c-fa\"]{max-width:675px;font-style:normal;}.wp-block-kadence-advancedheading.kt-adv-heading1228_cb820c-fa mark.kt-highlight, .wp-block-kadence-advancedheading.kt-adv-heading1228_cb820c-fa[data-kb-block=\"kb-adv-heading1228_cb820c-fa\"] mark.kt-highlight{font-family:Kalam;font-weight:400;font-style:normal;color:var(--global-palette1, #3182CE);-webkit-box-decoration-break:clone;box-decoration-break:clone;padding-top:0px;padding-right:0px;padding-bottom:0px;padding-left:0px;}.wp-block-kadence-advancedheading.kt-adv-heading1228_cb820c-fa img.kb-inline-image, .wp-block-kadence-advancedheading.kt-adv-heading1228_cb820c-fa[data-kb-block=\"kb-adv-heading1228_cb820c-fa\"] img.kb-inline-image{width:150px;vertical-align:baseline;}<\/style>\n<h3 class=\"kt-adv-heading1228_cb820c-fa wp-block-kadence-advancedheading\" data-kb-block=\"kb-adv-heading1228_cb820c-fa\">Fire safety<\/h3>\n\n\n\n<p>When setting up your caravan and awning, a fire safety distance of 3 metres to the next unit must be observed. Electric heating in awnings is not permitted.<\/p>\n\n\n\n<p>Open fires are not permitted (only by agreement with the camp manager). Barbecues are allowed on the campsite unless notices state otherwise. Remember to keep a safe distance from tents, caravans, cabins, etc. Disposable grills must not be placed directly on the grass.<\/p>\n\n\n<style>.wp-block-kadence-advancedheading.kt-adv-heading1228_e4d1d3-2a, .wp-block-kadence-advancedheading.kt-adv-heading1228_e4d1d3-2a[data-kb-block=\"kb-adv-heading1228_e4d1d3-2a\"]{max-width:675px;font-style:normal;}.wp-block-kadence-advancedheading.kt-adv-heading1228_e4d1d3-2a mark.kt-highlight, .wp-block-kadence-advancedheading.kt-adv-heading1228_e4d1d3-2a[data-kb-block=\"kb-adv-heading1228_e4d1d3-2a\"] mark.kt-highlight{font-family:Kalam;font-weight:400;font-style:normal;color:var(--global-palette1, #3182CE);-webkit-box-decoration-break:clone;box-decoration-break:clone;padding-top:0px;padding-right:0px;padding-bottom:0px;padding-left:0px;}.wp-block-kadence-advancedheading.kt-adv-heading1228_e4d1d3-2a img.kb-inline-image, .wp-block-kadence-advancedheading.kt-adv-heading1228_e4d1d3-2a[data-kb-block=\"kb-adv-heading1228_e4d1d3-2a\"] img.kb-inline-image{width:150px;vertical-align:baseline;}<\/style>\n<h3 class=\"kt-adv-heading1228_e4d1d3-2a wp-block-kadence-advancedheading\" data-kb-block=\"kb-adv-heading1228_e4d1d3-2a\">Quiet hours between 23:00 and 07:00<\/h3>\n\n\n\n<p>There must be quiet on the campsite between 23:00 and 07:00, and consideration and respect must always be shown towards your fellow campers. Music, etc. must not be audible outside your own tent\/caravan\/cabin. The playgrounds are open from 08:00 to 22:00.<\/p>\n\n\n<style>.wp-block-kadence-advancedheading.kt-adv-heading1228_925b48-5c, .wp-block-kadence-advancedheading.kt-adv-heading1228_925b48-5c[data-kb-block=\"kb-adv-heading1228_925b48-5c\"]{max-width:675px;font-style:normal;}.wp-block-kadence-advancedheading.kt-adv-heading1228_925b48-5c mark.kt-highlight, .wp-block-kadence-advancedheading.kt-adv-heading1228_925b48-5c[data-kb-block=\"kb-adv-heading1228_925b48-5c\"] mark.kt-highlight{font-family:Kalam;font-weight:400;font-style:normal;color:var(--global-palette1, #3182CE);-webkit-box-decoration-break:clone;box-decoration-break:clone;padding-top:0px;padding-right:0px;padding-bottom:0px;padding-left:0px;}.wp-block-kadence-advancedheading.kt-adv-heading1228_925b48-5c img.kb-inline-image, .wp-block-kadence-advancedheading.kt-adv-heading1228_925b48-5c[data-kb-block=\"kb-adv-heading1228_925b48-5c\"] img.kb-inline-image{width:150px;vertical-align:baseline;}<\/style>\n<h3 class=\"kt-adv-heading1228_925b48-5c wp-block-kadence-advancedheading\" data-kb-block=\"kb-adv-heading1228_925b48-5c\">Water taps<\/h3>\n\n\n\n<p>Water taps must not be used for wastewater disposal. Wastewater must be disposed of in the chemical toilet disposal points.<\/p>\n\n\n<style>.wp-block-kadence-advancedheading.kt-adv-heading1228_a05dac-f4, .wp-block-kadence-advancedheading.kt-adv-heading1228_a05dac-f4[data-kb-block=\"kb-adv-heading1228_a05dac-f4\"]{max-width:675px;font-style:normal;}.wp-block-kadence-advancedheading.kt-adv-heading1228_a05dac-f4 mark.kt-highlight, .wp-block-kadence-advancedheading.kt-adv-heading1228_a05dac-f4[data-kb-block=\"kb-adv-heading1228_a05dac-f4\"] mark.kt-highlight{font-family:Kalam;font-weight:400;font-style:normal;color:var(--global-palette1, #3182CE);-webkit-box-decoration-break:clone;box-decoration-break:clone;padding-top:0px;padding-right:0px;padding-bottom:0px;padding-left:0px;}.wp-block-kadence-advancedheading.kt-adv-heading1228_a05dac-f4 img.kb-inline-image, .wp-block-kadence-advancedheading.kt-adv-heading1228_a05dac-f4[data-kb-block=\"kb-adv-heading1228_a05dac-f4\"] img.kb-inline-image{width:150px;vertical-align:baseline;}<\/style>\n<h3 class=\"kt-adv-heading1228_a05dac-f4 wp-block-kadence-advancedheading\" data-kb-block=\"kb-adv-heading1228_a05dac-f4\">Wireless internet<\/h3>\n\n\n\n<p>At Marielyst Ny Camping, we have installed wireless internet on the campsite. The internet is free to use. To access the network, you will need to bring your own computer, tablet or phone.<\/p>\n\n\n\n<p>We cannot guarantee that the signal covers the entire campsite. If your connection is not good, you are welcome to sit in the lounge by the kitchen or in the activity room, where you can connect to the network.<\/p>\n\n\n<style>.wp-block-kadence-advancedheading.kt-adv-heading1228_33a682-f6, .wp-block-kadence-advancedheading.kt-adv-heading1228_33a682-f6[data-kb-block=\"kb-adv-heading1228_33a682-f6\"]{max-width:675px;font-style:normal;}.wp-block-kadence-advancedheading.kt-adv-heading1228_33a682-f6 mark.kt-highlight, .wp-block-kadence-advancedheading.kt-adv-heading1228_33a682-f6[data-kb-block=\"kb-adv-heading1228_33a682-f6\"] mark.kt-highlight{font-family:Kalam;font-weight:400;font-style:normal;color:var(--global-palette1, #3182CE);-webkit-box-decoration-break:clone;box-decoration-break:clone;padding-top:0px;padding-right:0px;padding-bottom:0px;padding-left:0px;}.wp-block-kadence-advancedheading.kt-adv-heading1228_33a682-f6 img.kb-inline-image, .wp-block-kadence-advancedheading.kt-adv-heading1228_33a682-f6[data-kb-block=\"kb-adv-heading1228_33a682-f6\"] img.kb-inline-image{width:150px;vertical-align:baseline;}<\/style>\n<h3 class=\"kt-adv-heading1228_33a682-f6 wp-block-kadence-advancedheading\" data-kb-block=\"kb-adv-heading1228_33a682-f6\">Cookie &amp; privacy policy<\/h3>\n\n\n\n<p><a href=\"\/en\/cookie-privatlivspolitik\/\">You can read more here<\/a><\/p>\n<\/div><\/div>\n\n\n<style>.kadence-column1228_3b3e25-db > .kt-inside-inner-col,.kadence-column1228_3b3e25-db > .kt-inside-inner-col:before{border-top-left-radius:0px;border-top-right-radius:0px;border-bottom-right-radius:0px;border-bottom-left-radius:0px;}.kadence-column1228_3b3e25-db > .kt-inside-inner-col{column-gap:var(--global-kb-gap-sm, 1rem);}.kadence-column1228_3b3e25-db > .kt-inside-inner-col{flex-direction:column;}.kadence-column1228_3b3e25-db > .kt-inside-inner-col > .aligncenter{width:100%;}.kadence-column1228_3b3e25-db > .kt-inside-inner-col:before{opacity:0.3;}.kadence-column1228_3b3e25-db{position:relative;}@media all and (max-width: 1024px){.kadence-column1228_3b3e25-db > .kt-inside-inner-col{flex-direction:column;justify-content:center;}}@media all and (max-width: 767px){.kadence-column1228_3b3e25-db > .kt-inside-inner-col{flex-direction:column;justify-content:center;}}<\/style>\n<div class=\"wp-block-kadence-column kadence-column1228_3b3e25-db\"><div class=\"kt-inside-inner-col\"><\/div><\/div>\n\n<\/div><\/div>","protected":false},"excerpt":{"rendered":"<p>Praktisk information Lejrchefens anvisninger skal f\u00f8lges. Opst\u00e5r der tvivlssp\u00f8rgsm\u00e5l i forbindelse med enheden eller forhold p\u00e5 pladsen, er lejrchefens beslutning afg\u00f8rende. Overtr\u00e6des reglerne, kan der ske bortvisning fra pladsen.\u200b Ankomst og afrejse I kan tjekke ind fra kl. 14.00, hvor enheden er fri. N\u00e5r ferien er slut og det er tid til at tage hjem,&#8230;<\/p>","protected":false},"author":1,"featured_media":1066,"parent":0,"menu_order":0,"comment_status":"closed","ping_status":"closed","template":"","meta":{"_acf_changed":false,"inline_featured_image":false,"_kad_blocks_custom_css":"","_kad_blocks_head_custom_js":"","_kad_blocks_body_custom_js":"","_kad_blocks_footer_custom_js":"","_kad_post_transparent":"","_kad_post_title":"","_kad_post_layout":"","_kad_post_sidebar_id":"","_kad_post_content_style":"","_kad_post_vertical_padding":"","_kad_post_feature":"","_kad_post_feature_position":"","_kad_post_header":false,"_kad_post_footer":false,"_kad_post_classname":"","footnotes":""},"class_list":["post-1228","page","type-page","status-publish","has-post-thumbnail","hentry"],"acf":[],"taxonomy_info":[],"featured_image_src_large":["https:\/\/marielystnycamping.dk\/wp-content\/uploads\/Marinlyst-Ny-Camping-56-1024x576.jpg",1024,576,true],"author_info":{"display_name":"webto","author_link":"https:\/\/marielystnycamping.dk\/en\/author\/webto\/"},"comment_info":0,"_links":{"self":[{"href":"https:\/\/marielystnycamping.dk\/en\/wp-json\/wp\/v2\/pages\/1228","targetHints":{"allow":["GET"]}}],"collection":[{"href":"https:\/\/marielystnycamping.dk\/en\/wp-json\/wp\/v2\/pages"}],"about":[{"href":"https:\/\/marielystnycamping.dk\/en\/wp-json\/wp\/v2\/types\/page"}],"author":[{"embeddable":true,"href":"https:\/\/marielystnycamping.dk\/en\/wp-json\/wp\/v2\/users\/1"}],"replies":[{"embeddable":true,"href":"https:\/\/marielystnycamping.dk\/en\/wp-json\/wp\/v2\/comments?post=1228"}],"version-history":[{"count":6,"href":"https:\/\/marielystnycamping.dk\/en\/wp-json\/wp\/v2\/pages\/1228\/revisions"}],"predecessor-version":[{"id":1820,"href":"https:\/\/marielystnycamping.dk\/en\/wp-json\/wp\/v2\/pages\/1228\/revisions\/1820"}],"wp:featuredmedia":[{"embeddable":true,"href":"https:\/\/marielystnycamping.dk\/en\/wp-json\/wp\/v2\/media\/1066"}],"wp:attachment":[{"href":"https:\/\/marielystnycamping.dk\/en\/wp-json\/wp\/v2\/media?parent=1228"}],"curies":[{"name":"wp","href":"https:\/\/api.w.org\/{rel}","templated":true}]}}