{"id":15,"date":"2023-06-06T12:02:06","date_gmt":"2023-06-06T10:02:06","guid":{"rendered":"https:\/\/kadence.web03.webtohosting.dk\/?page_id=15"},"modified":"2025-11-19T13:17:35","modified_gmt":"2025-11-19T12:17:35","slug":"om-os","status":"publish","type":"page","link":"https:\/\/marielystnycamping.dk\/de\/om-os\/","title":{"rendered":"\u00dcber uns"},"content":{"rendered":"<style>.kb-row-layout-id15_c58d29-01 > .kt-row-column-wrap{align-content:start;}:where(.kb-row-layout-id15_c58d29-01 > .kt-row-column-wrap) > .wp-block-kadence-column{justify-content:start;}.kb-row-layout-id15_c58d29-01 > .kt-row-column-wrap{column-gap:var(--global-kb-gap-lg, 4rem);row-gap:var(--global-kb-gap-lg, 4rem);max-width:var( --global-content-width, 1350px );padding-left:var(--global-content-edge-padding);padding-right:var(--global-content-edge-padding);padding-top:var(--global-kb-spacing-3xl, 6.5rem);padding-bottom:var(--global-kb-spacing-4xl, 8rem);grid-template-columns:repeat(2, minmax(0, 1fr));}.kb-row-layout-id15_c58d29-01 > .kt-row-layout-overlay{opacity:0.30;}@media all and (max-width: 1024px){.kb-row-layout-id15_c58d29-01 > .kt-row-column-wrap{column-gap:var(--global-kb-gap-md, 2rem);row-gap:var(--global-kb-gap-md, 2rem);padding-top:var(--global-kb-spacing-xl, 4rem);padding-bottom:var(--global-kb-spacing-xl, 4rem);grid-template-columns:minmax(0, 1fr);}}@media all and (max-width: 767px){.kb-row-layout-id15_c58d29-01 > .kt-row-column-wrap{column-gap:var(--global-kb-gap-md, 2rem);row-gap:var(--global-kb-gap-md, 2rem);padding-top:var(--global-kb-spacing-lg, 3rem);padding-bottom:var(--global-kb-spacing-lg, 3rem);grid-template-columns:minmax(0, 1fr);}}<\/style><div class=\"kb-row-layout-wrap kb-row-layout-id15_c58d29-01 alignnone wp-block-kadence-rowlayout\"><div class=\"kt-row-column-wrap kt-has-2-columns kt-row-layout-equal kt-tab-layout-row kt-mobile-layout-row kt-row-valign-top kt-inner-column-height-full kb-theme-content-width\">\n<style>.kadence-column15_0a19d5-83 > .kt-inside-inner-col,.kadence-column15_0a19d5-83 > .kt-inside-inner-col:before{border-top-left-radius:0px;border-top-right-radius:0px;border-bottom-right-radius:0px;border-bottom-left-radius:0px;}.kadence-column15_0a19d5-83 > .kt-inside-inner-col{column-gap:var(--global-kb-gap-sm, 1rem);}.kadence-column15_0a19d5-83 > .kt-inside-inner-col{flex-direction:column;}.kadence-column15_0a19d5-83 > .kt-inside-inner-col > .aligncenter{width:100%;}.kadence-column15_0a19d5-83 > .kt-inside-inner-col:before{opacity:0.3;}.kadence-column15_0a19d5-83{position:relative;}@media all and (max-width: 1024px){.kadence-column15_0a19d5-83 > .kt-inside-inner-col{flex-direction:column;justify-content:center;}}@media all and (max-width: 767px){.kadence-column15_0a19d5-83 > .kt-inside-inner-col{flex-direction:column;justify-content:center;}}<\/style>\n<div class=\"wp-block-kadence-column kadence-column15_0a19d5-83\"><div class=\"kt-inside-inner-col\"><style>.wp-block-kadence-advancedheading.kt-adv-heading15_a84d4f-30, .wp-block-kadence-advancedheading.kt-adv-heading15_a84d4f-30[data-kb-block=\"kb-adv-heading15_a84d4f-30\"]{max-width:540px;font-size:var(--global-kb-font-size-xl, 3rem);font-style:normal;}.wp-block-kadence-advancedheading.kt-adv-heading15_a84d4f-30 mark.kt-highlight, .wp-block-kadence-advancedheading.kt-adv-heading15_a84d4f-30[data-kb-block=\"kb-adv-heading15_a84d4f-30\"] mark.kt-highlight{font-family:Kalam;font-weight:400;font-style:normal;color:var(--global-palette1, #3182CE);-webkit-box-decoration-break:clone;box-decoration-break:clone;padding-top:0px;padding-right:0px;padding-bottom:0px;padding-left:0px;}.wp-block-kadence-advancedheading.kt-adv-heading15_a84d4f-30 img.kb-inline-image, .wp-block-kadence-advancedheading.kt-adv-heading15_a84d4f-30[data-kb-block=\"kb-adv-heading15_a84d4f-30\"] img.kb-inline-image{width:150px;vertical-align:baseline;}<\/style>\n<h2 class=\"kt-adv-heading15_a84d4f-30 wp-block-kadence-advancedheading\" data-kb-block=\"kb-adv-heading15_a84d4f-30\">Willkommen bei <mark true=\"true\" class=\"kt-highlight\">Marielyst Ny Camping<\/mark><\/h2>\n\n\n<style>.wp-block-kadence-advancedheading.kt-adv-heading15_c72d5c-12, .wp-block-kadence-advancedheading.kt-adv-heading15_c72d5c-12[data-kb-block=\"kb-adv-heading15_c72d5c-12\"]{max-width:675px;font-style:normal;}.wp-block-kadence-advancedheading.kt-adv-heading15_c72d5c-12 mark.kt-highlight, .wp-block-kadence-advancedheading.kt-adv-heading15_c72d5c-12[data-kb-block=\"kb-adv-heading15_c72d5c-12\"] mark.kt-highlight{font-family:Kalam;font-weight:400;font-style:normal;color:var(--global-palette1, #3182CE);-webkit-box-decoration-break:clone;box-decoration-break:clone;padding-top:0px;padding-right:0px;padding-bottom:0px;padding-left:0px;}.wp-block-kadence-advancedheading.kt-adv-heading15_c72d5c-12 img.kb-inline-image, .wp-block-kadence-advancedheading.kt-adv-heading15_c72d5c-12[data-kb-block=\"kb-adv-heading15_c72d5c-12\"] img.kb-inline-image{width:150px;vertical-align:baseline;}<\/style>\n<p class=\"kt-adv-heading15_c72d5c-12 wp-block-kadence-advancedheading\" data-kb-block=\"kb-adv-heading15_c72d5c-12\">Bei Marielyst Ny Camping hei\u00dfen wir Sie willkommen auf einem entspannten und familienfreundlichen Campingplatz im Herzen der wundersch\u00f6nen Natur Falsters. Unser Platz liegt in Gehweite zum herrlichen Strand von Marielyst und nahe an Erlebnissen f\u00fcr Gro\u00df und Klein \u2013 egal ob Sie Ruhe und Entspannung oder Aktivit\u00e4ten und Ausfl\u00fcge bevorzugen.<\/p>\n\n\n<style>.wp-block-kadence-advancedheading.kt-adv-heading15_39b34e-49, .wp-block-kadence-advancedheading.kt-adv-heading15_39b34e-49[data-kb-block=\"kb-adv-heading15_39b34e-49\"]{max-width:675px;font-style:normal;}.wp-block-kadence-advancedheading.kt-adv-heading15_39b34e-49 mark.kt-highlight, .wp-block-kadence-advancedheading.kt-adv-heading15_39b34e-49[data-kb-block=\"kb-adv-heading15_39b34e-49\"] mark.kt-highlight{font-family:Kalam;font-weight:400;font-style:normal;color:var(--global-palette1, #3182CE);-webkit-box-decoration-break:clone;box-decoration-break:clone;padding-top:0px;padding-right:0px;padding-bottom:0px;padding-left:0px;}.wp-block-kadence-advancedheading.kt-adv-heading15_39b34e-49 img.kb-inline-image, .wp-block-kadence-advancedheading.kt-adv-heading15_39b34e-49[data-kb-block=\"kb-adv-heading15_39b34e-49\"] img.kb-inline-image{width:150px;vertical-align:baseline;}<\/style>\n<p class=\"kt-adv-heading15_39b34e-49 wp-block-kadence-advancedheading\" data-kb-block=\"kb-adv-heading15_39b34e-49\">Wir sind ein moderner Campingplatz mit Fokus auf N\u00e4he, Sicherheit und guten Einrichtungen. Hier finden Sie sowohl Zeltpl\u00e4tze als auch komfortable H\u00fctten sowie gute Bedingungen f\u00fcr Wohnwagen. Unsere gr\u00fcnen Umgebung und die ruhige Atmosph\u00e4re machen es leicht, in Urlaubsstimmung zu kommen \u2013 zu jeder Jahreszeit.<\/p>\n\n\n<style>.wp-block-kadence-advancedheading.kt-adv-heading15_0db539-cf, .wp-block-kadence-advancedheading.kt-adv-heading15_0db539-cf[data-kb-block=\"kb-adv-heading15_0db539-cf\"]{max-width:675px;font-style:normal;}.wp-block-kadence-advancedheading.kt-adv-heading15_0db539-cf mark.kt-highlight, .wp-block-kadence-advancedheading.kt-adv-heading15_0db539-cf[data-kb-block=\"kb-adv-heading15_0db539-cf\"] mark.kt-highlight{font-family:Kalam;font-weight:400;font-style:normal;color:var(--global-palette1, #3182CE);-webkit-box-decoration-break:clone;box-decoration-break:clone;padding-top:0px;padding-right:0px;padding-bottom:0px;padding-left:0px;}.wp-block-kadence-advancedheading.kt-adv-heading15_0db539-cf img.kb-inline-image, .wp-block-kadence-advancedheading.kt-adv-heading15_0db539-cf[data-kb-block=\"kb-adv-heading15_0db539-cf\"] img.kb-inline-image{width:150px;vertical-align:baseline;}<\/style>\n<p class=\"kt-adv-heading15_0db539-cf wp-block-kadence-advancedheading\" data-kb-block=\"kb-adv-heading15_0db539-cf\">Marielyst Ny Camping wird mit Herz gef\u00fchrt. Wir geben unser Bestes, damit Sie sich vom ersten Tag an wie zu Hause f\u00fchlen \u2013 egal, ob Sie uns zum ersten Mal besuchen oder wie viele unserer Stammg\u00e4ste zur\u00fcckkehren.<\/p>\n<\/div><\/div>\n\n\n<style>.kadence-column15_eb59e0-22 > .kt-inside-inner-col,.kadence-column15_eb59e0-22 > .kt-inside-inner-col:before{border-top-left-radius:0.5em;border-top-right-radius:0.5em;border-bottom-right-radius:0.5em;border-bottom-left-radius:0.5em;}.kadence-column15_eb59e0-22 > .kt-inside-inner-col{column-gap:var(--global-kb-gap-sm, 1rem);}.kadence-column15_eb59e0-22 > .kt-inside-inner-col{flex-direction:column;}.kadence-column15_eb59e0-22 > .kt-inside-inner-col > .aligncenter{width:100%;}.kadence-column15_eb59e0-22 > .kt-inside-inner-col{background-image:url('https:\/\/marielystnycamping.dk\/wp-content\/uploads\/448139_650_1200_17_0_988_683_2.avif');background-size:cover;background-position:center center;background-attachment:scroll;background-repeat:no-repeat;}.kadence-column15_eb59e0-22 > .kt-inside-inner-col:before{opacity:0.3;}.kadence-column15_eb59e0-22{position:relative;}@media all and (max-width: 1024px){.kadence-column15_eb59e0-22 > .kt-inside-inner-col{min-height:475px;flex-direction:column;justify-content:center;}}@media all and (max-width: 767px){.kadence-column15_eb59e0-22 > .kt-inside-inner-col{min-height:350px;flex-direction:column;justify-content:center;}}<\/style>\n<div class=\"wp-block-kadence-column kadence-column15_eb59e0-22\"><div class=\"kt-inside-inner-col\"><\/div><\/div>\n\n<\/div><\/div>","protected":false},"excerpt":{"rendered":"<p>Velkommen hos Marielyst Ny Camping Hos Marielyst Ny Camping byder vi velkommen til en afslappet og familievenlig campingplads i hjertet af Falsters sk\u00f8nne natur. Vores plads ligger i g\u00e5afstand til Marielysts dejlige badestrand og t\u00e6t p\u00e5 oplevelser for b\u00e5de store og sm\u00e5 \u2013 uanset om du er til ro og afslapning eller aktiviteter og udflugter&#8230;.<\/p>","protected":false},"author":1,"featured_media":1064,"parent":0,"menu_order":0,"comment_status":"closed","ping_status":"closed","template":"","meta":{"_acf_changed":false,"inline_featured_image":false,"_kad_blocks_custom_css":"","_kad_blocks_head_custom_js":"","_kad_blocks_body_custom_js":"","_kad_blocks_footer_custom_js":"","_kad_post_transparent":"","_kad_post_title":"","_kad_post_layout":"","_kad_post_sidebar_id":"","_kad_post_content_style":"","_kad_post_vertical_padding":"","_kad_post_feature":"","_kad_post_feature_position":"","_kad_post_header":false,"_kad_post_footer":false,"_kad_post_classname":"","footnotes":""},"class_list":["post-15","page","type-page","status-publish","has-post-thumbnail","hentry"],"acf":[],"taxonomy_info":[],"featured_image_src_large":["https:\/\/marielystnycamping.dk\/wp-content\/uploads\/Marinlyst-Ny-Camping-54-1024x576.jpg",1024,576,true],"author_info":{"display_name":"webto","author_link":"https:\/\/marielystnycamping.dk\/de\/author\/webto\/"},"comment_info":0,"_links":{"self":[{"href":"https:\/\/marielystnycamping.dk\/de\/wp-json\/wp\/v2\/pages\/15","targetHints":{"allow":["GET"]}}],"collection":[{"href":"https:\/\/marielystnycamping.dk\/de\/wp-json\/wp\/v2\/pages"}],"about":[{"href":"https:\/\/marielystnycamping.dk\/de\/wp-json\/wp\/v2\/types\/page"}],"author":[{"embeddable":true,"href":"https:\/\/marielystnycamping.dk\/de\/wp-json\/wp\/v2\/users\/1"}],"replies":[{"embeddable":true,"href":"https:\/\/marielystnycamping.dk\/de\/wp-json\/wp\/v2\/comments?post=15"}],"version-history":[{"count":4,"href":"https:\/\/marielystnycamping.dk\/de\/wp-json\/wp\/v2\/pages\/15\/revisions"}],"predecessor-version":[{"id":1671,"href":"https:\/\/marielystnycamping.dk\/de\/wp-json\/wp\/v2\/pages\/15\/revisions\/1671"}],"wp:featuredmedia":[{"embeddable":true,"href":"https:\/\/marielystnycamping.dk\/de\/wp-json\/wp\/v2\/media\/1064"}],"wp:attachment":[{"href":"https:\/\/marielystnycamping.dk\/de\/wp-json\/wp\/v2\/media?parent=15"}],"curies":[{"name":"wp","href":"https:\/\/api.w.org\/{rel}","templated":true}]}}