{"id":1230,"date":"2025-11-10T09:25:13","date_gmt":"2025-11-10T08:25:13","guid":{"rendered":"https:\/\/marielystnycamping.dk.web09.webtohosting.dk\/?page_id=1230"},"modified":"2025-11-28T15:11:54","modified_gmt":"2025-11-28T14:11:54","slug":"campingvogn","status":"publish","type":"page","link":"https:\/\/marielystnycamping.dk\/de\/campingvogn\/","title":{"rendered":"Camping"},"content":{"rendered":"<style>.kb-row-layout-id1230_d0bd74-0b > .kt-row-column-wrap{align-content:start;}:where(.kb-row-layout-id1230_d0bd74-0b > .kt-row-column-wrap) > .wp-block-kadence-column{justify-content:start;}.kb-row-layout-id1230_d0bd74-0b > .kt-row-column-wrap{column-gap:var(--global-kb-gap-lg, 4rem);row-gap:var(--global-kb-gap-lg, 4rem);max-width:var( --global-content-width, 1350px );padding-left:var(--global-content-edge-padding);padding-right:var(--global-content-edge-padding);padding-top:var(--global-kb-spacing-3xl, 6.5rem);padding-bottom:var(--global-kb-spacing-4xl, 8rem);grid-template-columns:minmax(0, calc(60% - ((var(--global-kb-gap-lg, 4rem) * 1 )\/2)))minmax(0, calc(40% - ((var(--global-kb-gap-lg, 4rem) * 1 )\/2)));}.kb-row-layout-id1230_d0bd74-0b > .kt-row-layout-overlay{opacity:0.30;}@media all and (max-width: 1024px){.kb-row-layout-id1230_d0bd74-0b > .kt-row-column-wrap{column-gap:var(--global-kb-gap-md, 2rem);row-gap:var(--global-kb-gap-md, 2rem);padding-top:var(--global-kb-spacing-xl, 4rem);padding-bottom:var(--global-kb-spacing-xl, 4rem);grid-template-columns:minmax(0, 1fr);}}@media all and (max-width: 767px){.kb-row-layout-id1230_d0bd74-0b > .kt-row-column-wrap{column-gap:var(--global-kb-gap-md, 2rem);row-gap:var(--global-kb-gap-md, 2rem);padding-top:var(--global-kb-spacing-lg, 3rem);padding-bottom:var(--global-kb-spacing-lg, 3rem);grid-template-columns:minmax(0, 1fr);}}<\/style><div class=\"kb-row-layout-wrap kb-row-layout-id1230_d0bd74-0b alignnone wp-block-kadence-rowlayout\"><div class=\"kt-row-column-wrap kt-has-2-columns kt-row-layout-left-golden kt-tab-layout-row kt-mobile-layout-row kt-row-valign-top kb-theme-content-width\">\n<style>.kadence-column1230_a222d2-15 > .kt-inside-inner-col,.kadence-column1230_a222d2-15 > .kt-inside-inner-col:before{border-top-left-radius:0px;border-top-right-radius:0px;border-bottom-right-radius:0px;border-bottom-left-radius:0px;}.kadence-column1230_a222d2-15 > .kt-inside-inner-col{column-gap:var(--global-kb-gap-sm, 1rem);}.kadence-column1230_a222d2-15 > .kt-inside-inner-col{flex-direction:column;}.kadence-column1230_a222d2-15 > .kt-inside-inner-col > .aligncenter{width:100%;}.kadence-column1230_a222d2-15 > .kt-inside-inner-col:before{opacity:0.3;}.kadence-column1230_a222d2-15{position:relative;}@media all and (max-width: 1024px){.kadence-column1230_a222d2-15 > .kt-inside-inner-col{flex-direction:column;justify-content:center;}}@media all and (max-width: 767px){.kadence-column1230_a222d2-15 > .kt-inside-inner-col{flex-direction:column;justify-content:center;}}<\/style>\n<div class=\"wp-block-kadence-column kadence-column1230_a222d2-15\"><div class=\"kt-inside-inner-col\"><style>.wp-block-kadence-advancedheading.kt-adv-heading1230_96971d-cd, .wp-block-kadence-advancedheading.kt-adv-heading1230_96971d-cd[data-kb-block=\"kb-adv-heading1230_96971d-cd\"]{max-width:675px;font-size:var(--global-kb-font-size-xl, 3rem);font-style:normal;}.wp-block-kadence-advancedheading.kt-adv-heading1230_96971d-cd mark.kt-highlight, .wp-block-kadence-advancedheading.kt-adv-heading1230_96971d-cd[data-kb-block=\"kb-adv-heading1230_96971d-cd\"] mark.kt-highlight{font-family:Kalam;font-weight:400;font-style:normal;color:var(--global-palette1, #3182CE);-webkit-box-decoration-break:clone;box-decoration-break:clone;padding-top:0px;padding-right:0px;padding-bottom:0px;padding-left:0px;}.wp-block-kadence-advancedheading.kt-adv-heading1230_96971d-cd img.kb-inline-image, .wp-block-kadence-advancedheading.kt-adv-heading1230_96971d-cd[data-kb-block=\"kb-adv-heading1230_96971d-cd\"] img.kb-inline-image{width:150px;vertical-align:baseline;}<\/style>\n<h2 class=\"kt-adv-heading1230_96971d-cd wp-block-kadence-advancedheading\" data-kb-block=\"kb-adv-heading1230_96971d-cd\">Preise f\u00fcr <mark true=\"true\" class=\"kt-highlight\">Camping<\/mark><\/h2>\n\n\n<style>.wp-block-kadence-advancedheading.kt-adv-heading1230_505eff-e5, .wp-block-kadence-advancedheading.kt-adv-heading1230_505eff-e5[data-kb-block=\"kb-adv-heading1230_505eff-e5\"]{max-width:675px;font-style:normal;}.wp-block-kadence-advancedheading.kt-adv-heading1230_505eff-e5 mark.kt-highlight, .wp-block-kadence-advancedheading.kt-adv-heading1230_505eff-e5[data-kb-block=\"kb-adv-heading1230_505eff-e5\"] mark.kt-highlight{font-family:Kalam;font-weight:400;font-style:normal;color:var(--global-palette1, #3182CE);-webkit-box-decoration-break:clone;box-decoration-break:clone;padding-top:0px;padding-right:0px;padding-bottom:0px;padding-left:0px;}.wp-block-kadence-advancedheading.kt-adv-heading1230_505eff-e5 img.kb-inline-image, .wp-block-kadence-advancedheading.kt-adv-heading1230_505eff-e5[data-kb-block=\"kb-adv-heading1230_505eff-e5\"] img.kb-inline-image{width:150px;vertical-align:baseline;}<\/style>\n<p class=\"kt-adv-heading1230_505eff-e5 wp-block-kadence-advancedheading\" data-kb-block=\"kb-adv-heading1230_505eff-e5\">Auf Marielyst Ny Camping gibt es viele M\u00f6glichkeiten, Camper zu sein. Auf dieser Seite finden Sie unsere Campingpreise.<\/p>\n\n\n<style>.wp-block-kadence-advancedheading.kt-adv-heading1230_8be8eb-e4, .wp-block-kadence-advancedheading.kt-adv-heading1230_8be8eb-e4[data-kb-block=\"kb-adv-heading1230_8be8eb-e4\"]{max-width:675px;font-style:normal;}.wp-block-kadence-advancedheading.kt-adv-heading1230_8be8eb-e4 mark.kt-highlight, .wp-block-kadence-advancedheading.kt-adv-heading1230_8be8eb-e4[data-kb-block=\"kb-adv-heading1230_8be8eb-e4\"] mark.kt-highlight{font-family:Kalam;font-weight:400;font-style:normal;color:var(--global-palette1, #3182CE);-webkit-box-decoration-break:clone;box-decoration-break:clone;padding-top:0px;padding-right:0px;padding-bottom:0px;padding-left:0px;}.wp-block-kadence-advancedheading.kt-adv-heading1230_8be8eb-e4 img.kb-inline-image, .wp-block-kadence-advancedheading.kt-adv-heading1230_8be8eb-e4[data-kb-block=\"kb-adv-heading1230_8be8eb-e4\"] img.kb-inline-image{width:150px;vertical-align:baseline;}<\/style>\n<p class=\"kt-adv-heading1230_8be8eb-e4 wp-block-kadence-advancedheading\" data-kb-block=\"kb-adv-heading1230_8be8eb-e4\">Wenn Sie Preise f\u00fcr unsere anderen Einrichtungen finden m\u00f6chten, wie zum Beispiel f\u00fcr Zeltpl\u00e4tze oder unsere gem\u00fctlichen H\u00fctten, finden Sie diese im Dropdown-Men\u00fc unter Preise &amp; Buchung. Wir freuen uns darauf, von Ihnen zu h\u00f6ren.<\/p>\n\n\n<style>.kb-table-container1230_31c7cb-0a{font-size:var(--global-kb-font-size-sm, 0.9rem);overflow-x:auto;}.kb-table-container .kb-table1230_31c7cb-0a th{color:var(--global-palette9, #ffffff);padding-top:var(--global-kb-spacing-xxs, 0.5rem);padding-right:var(--global-kb-spacing-xxs, 0.5rem);padding-bottom:var(--global-kb-spacing-xxs, 0.5rem);padding-left:var(--global-kb-spacing-xxs, 0.5rem);text-align:left;}.kb-table-container .kb-table1230_31c7cb-0a td{padding-top:var(--global-kb-spacing-xxs, 0.5rem);padding-right:var(--global-kb-spacing-xxs, 0.5rem);padding-bottom:var(--global-kb-spacing-xxs, 0.5rem);padding-left:var(--global-kb-spacing-xxs, 0.5rem);text-align:left;}.kb-table-container .kb-table1230_31c7cb-0a tr:nth-of-type(even){background-color:var(--global-palette9, #ffffff);}.kb-table-container .kb-table1230_31c7cb-0a tr:nth-of-type(odd){background-color:var(--global-palette7, #EDF2F7);}<\/style><div class=\"kb-table-container kb-table-container1230_31c7cb-0a wp-block-kadence-table\"><table class=\"kb-table kb-table1230_31c7cb-0a\">\n<style>.kb-table-container .kb-table tr.kb-table-row1230_7700b1-7e{background-color:var(--global-palette1, #3182CE);}<\/style><tr class=\"kb-table-row kb-table-row1230_7700b1-7e\">\n<th class=\"kb-table-data kb-table-data1230_b106d3-3e\">\n<style>.wp-block-kadence-advancedheading.kt-adv-heading1230_b12102-4e, .wp-block-kadence-advancedheading.kt-adv-heading1230_b12102-4e[data-kb-block=\"kb-adv-heading1230_b12102-4e\"]{max-width:675px;font-style:normal;}.wp-block-kadence-advancedheading.kt-adv-heading1230_b12102-4e mark.kt-highlight, .wp-block-kadence-advancedheading.kt-adv-heading1230_b12102-4e[data-kb-block=\"kb-adv-heading1230_b12102-4e\"] mark.kt-highlight{font-family:Kalam;font-weight:400;font-style:normal;color:var(--global-palette1, #3182CE);-webkit-box-decoration-break:clone;box-decoration-break:clone;padding-top:0px;padding-right:0px;padding-bottom:0px;padding-left:0px;}.wp-block-kadence-advancedheading.kt-adv-heading1230_b12102-4e img.kb-inline-image, .wp-block-kadence-advancedheading.kt-adv-heading1230_b12102-4e[data-kb-block=\"kb-adv-heading1230_b12102-4e\"] img.kb-inline-image{width:150px;vertical-align:baseline;}<\/style>\n<p class=\"kt-adv-heading1230_b12102-4e wp-block-kadence-advancedheading\" data-kb-block=\"kb-adv-heading1230_b12102-4e\">Preise im eigenen Wohnwagen pro Tag<\/p>\n\n<\/1230_b106d3-3e>\n\n<th class=\"kb-table-data kb-table-data1230_e5ae03-6c\">\n<style>.wp-block-kadence-advancedheading.kt-adv-heading1230_ee22c4-b1, .wp-block-kadence-advancedheading.kt-adv-heading1230_ee22c4-b1[data-kb-block=\"kb-adv-heading1230_ee22c4-b1\"]{max-width:675px;font-style:normal;}.wp-block-kadence-advancedheading.kt-adv-heading1230_ee22c4-b1 mark.kt-highlight, .wp-block-kadence-advancedheading.kt-adv-heading1230_ee22c4-b1[data-kb-block=\"kb-adv-heading1230_ee22c4-b1\"] mark.kt-highlight{font-family:Kalam;font-weight:400;font-style:normal;color:var(--global-palette1, #3182CE);-webkit-box-decoration-break:clone;box-decoration-break:clone;padding-top:0px;padding-right:0px;padding-bottom:0px;padding-left:0px;}.wp-block-kadence-advancedheading.kt-adv-heading1230_ee22c4-b1 img.kb-inline-image, .wp-block-kadence-advancedheading.kt-adv-heading1230_ee22c4-b1[data-kb-block=\"kb-adv-heading1230_ee22c4-b1\"] img.kb-inline-image{width:150px;vertical-align:baseline;}<\/style>\n<p class=\"kt-adv-heading1230_ee22c4-b1 wp-block-kadence-advancedheading\" data-kb-block=\"kb-adv-heading1230_ee22c4-b1\">1\/1-31\/12 2026<\/p>\n\n<\/1230_e5ae03-6c>\n<\/tr>\n\n<tr class=\"kb-table-row kb-table-row1230_fc622f-fc\">\n<td class=\"kb-table-data kb-table-data1230_e956b8-8b\">\n\n<p>Erwachsener<\/p>\n\n<\/1230_e956b8-8b>\n\n<td class=\"kb-table-data kb-table-data1230_c4e133-d2\">\n\n<p>100,00 DKK<\/p>\n\n<\/1230_c4e133-d2>\n<\/tr>\n\n<tr class=\"kb-table-row kb-table-row1230_eda51a-cd\">\n<td class=\"kb-table-data kb-table-data1230_75b43a-4a\">\n\n<p>Kinder 3 \u2013 12 Jahre<\/p>\n\n<\/1230_75b43a-4a>\n\n<td class=\"kb-table-data kb-table-data1230_3f80e5-95\">\n\n<p>65,00 DKK<\/p>\n\n<\/1230_3f80e5-95>\n<\/tr>\n\n<tr class=\"kb-table-row kb-table-row1230_1059c5-9b\">\n<td class=\"kb-table-data kb-table-data1230_86c88e-9d\">\n\n<p>Kinder 0 \u2013 2 Jahre<\/p>\n\n<\/1230_86c88e-9d>\n\n<td class=\"kb-table-data kb-table-data1230_1ce458-5b\">\n\n<p>Kostenlos<\/p>\n\n<\/1230_1ce458-5b>\n<\/tr>\n\n<tr class=\"kb-table-row kb-table-row1230_c46918-0e\">\n<td class=\"kb-table-data kb-table-data1230_bf924d-4f\">\n\n<p>Standardstellplatz<\/p>\n\n<\/1230_bf924d-4f>\n\n<td class=\"kb-table-data kb-table-data1230_38581b-7c\">\n\n<p>70,00 DKK<\/p>\n\n<\/1230_38581b-7c>\n<\/tr>\n\n<tr class=\"kb-table-row kb-table-row1230_21747d-5f\">\n<td class=\"kb-table-data kb-table-data1230_4294cf-49\">\n\n<p>XL-Stellplatz<\/p>\n\n<\/1230_4294cf-49>\n\n<td class=\"kb-table-data kb-table-data1230_2bb802-82\">\n\n<p>80,00 DKK<\/p>\n\n<\/1230_2bb802-82>\n<\/tr>\n\n<tr class=\"kb-table-row kb-table-row1230_8a19f9-44\">\n<td class=\"kb-table-data kb-table-data1230_4b9064-63\">\n\n<p>XXL-Stellplatz<\/p>\n\n<\/1230_4b9064-63>\n\n<td class=\"kb-table-data kb-table-data1230_3a4093-f0\">\n\n<p>85,00 DKK<\/p>\n\n<\/1230_3a4093-f0>\n<\/tr>\n\n<tr class=\"kb-table-row kb-table-row1230_50dcc1-d0\">\n<td class=\"kb-table-data kb-table-data1230_94b700-65\">\n\n<p>Gemeinschafts-Komfortpl\u00e4tze mit Wasser<\/p>\n\n<\/1230_94b700-65>\n\n<td class=\"kb-table-data kb-table-data1230_283711-42\">\n\n<p>85,00 DKK<\/p>\n\n<\/1230_283711-42>\n<\/tr>\n\n<tr class=\"kb-table-row kb-table-row1230_2cd00e-6a\">\n<td class=\"kb-table-data kb-table-data1230_f9c654-84\">\n\n<p>XL-Gemeinschafts-Komfortpl\u00e4tze mit Wasser und Abwasser<\/p>\n\n<\/1230_f9c654-84>\n\n<td class=\"kb-table-data kb-table-data1230_619c81-e7\">\n\n<p>90,00 DKK<\/p>\n\n<\/1230_619c81-e7>\n<\/tr>\n\n<tr class=\"kb-table-row kb-table-row1230_bfbe7e-21\">\n<td class=\"kb-table-data kb-table-data1230_6938c7-d8\">\n\n<p>XXL-Gemeinschafts-Komfortpl\u00e4tze mit Wasser und Abwasser<\/p>\n\n<\/1230_6938c7-d8>\n\n<td class=\"kb-table-data kb-table-data1230_11da71-2a\">\n\n<p>95,00 DKK<\/p>\n\n<\/1230_11da71-2a>\n<\/tr>\n\n<tr class=\"kb-table-row kb-table-row1230_cc4d03-96\">\n<td class=\"kb-table-data kb-table-data1230_014624-ab\">\n\n<p>Strom<\/p>\n\n<\/1230_014624-ab>\n\n<td class=\"kb-table-data kb-table-data1230_a875f1-d7\">\n\n<p>Variabel<\/p>\n\n<\/1230_a875f1-d7>\n<\/tr>\n\n<tr class=\"kb-table-row kb-table-row1230_448239-7a\">\n<td class=\"kb-table-data kb-table-data1230_a8b86f-a6\">\n\n<p>Dusche 4 Minuten<\/p>\n\n<\/1230_a8b86f-a6>\n\n<td class=\"kb-table-data kb-table-data1230_57010a-29\">\n\n<p>10,00 DKK<\/p>\n\n<\/1230_57010a-29>\n<\/tr>\n\n<tr class=\"kb-table-row kb-table-row1230_aed0e2-34\">\n<td class=\"kb-table-data kb-table-data1230_183858-b7\">\n\n<p>Familienraum Dusche \u2013 4 Minuten<\/p>\n\n<\/1230_183858-b7>\n\n<td class=\"kb-table-data kb-table-data1230_2318d5-b0\">\n\n<p>15,00 DKK<\/p>\n\n<\/1230_2318d5-b0>\n<\/tr>\n\n<tr class=\"kb-table-row kb-table-row1230_96ae61-8f\">\n<td class=\"kb-table-data kb-table-data1230_1e8407-cc\">\n\n<p>Hund<\/p>\n\n<\/1230_1e8407-cc>\n\n<td class=\"kb-table-data kb-table-data1230_6221de-38\">\n\n<p>Kostenlos<\/p>\n\n<\/1230_6221de-38>\n<\/tr>\n\n<tr class=\"kb-table-row kb-table-row1230_21f65d-68\">\n<td class=\"kb-table-data kb-table-data1230_0a5bb5-d8\">\n\n<p>Quickstop au\u00dferhalb der Schranke (nur im Zeitraum 21:00\u201309:00)<\/p>\n\n<\/1230_0a5bb5-d8>\n\n<td class=\"kb-table-data kb-table-data1230_dc9d80-98\">\n\n<p>150 DKK<\/p>\n\n<\/1230_dc9d80-98>\n<\/tr>\n<\/table><\/div><\/div><\/div>\n\n\n<style>#wrapper.site{overflow:clip;}.kadence-column1230_2d763b-80{--kb-section-setting-offset:130px;}.kadence-column1230_2d763b-80 > .kt-inside-inner-col{padding-top:0px;padding-right:0px;padding-bottom:0px;padding-left:0px;}.kadence-column1230_2d763b-80 > .kt-inside-inner-col,.kadence-column1230_2d763b-80 > .kt-inside-inner-col:before{border-top-left-radius:0.5em;border-top-right-radius:0.5em;border-bottom-right-radius:0.5em;border-bottom-left-radius:0.5em;}.kadence-column1230_2d763b-80 > .kt-inside-inner-col{column-gap:var(--global-kb-gap-sm, 1rem);}.kadence-column1230_2d763b-80 > .kt-inside-inner-col{flex-direction:column;}.kadence-column1230_2d763b-80 > .kt-inside-inner-col > .aligncenter{width:100%;}.kadence-column1230_2d763b-80 > .kt-inside-inner-col:before{opacity:0.75;}.kadence-column1230_2d763b-80{position:relative;}@media all and (max-width: 1024px){.kadence-column1230_2d763b-80 > .kt-inside-inner-col{padding-top:0px;padding-right:0px;padding-bottom:0px;padding-left:0px;flex-direction:column;justify-content:center;}}@media all and (max-width: 767px){.kadence-column1230_2d763b-80 > .kt-inside-inner-col{padding-top:0px;padding-right:0px;padding-bottom:0px;padding-left:0px;flex-direction:column;justify-content:center;}}<\/style>\n<div class=\"wp-block-kadence-column kadence-column1230_2d763b-80 kb-section-is-sticky\"><div class=\"kt-inside-inner-col\"><style>.kb-row-layout-id1476_1081ff-17 > .kt-row-column-wrap{align-content:start;}:where(.kb-row-layout-id1476_1081ff-17 > .kt-row-column-wrap) > .wp-block-kadence-column{justify-content:start;}.kb-row-layout-id1476_1081ff-17 > .kt-row-column-wrap{column-gap:var(--global-kb-gap-lg, 4rem);row-gap:var(--global-kb-gap-lg, 4rem);max-width:var( --global-content-width, 1350px );padding-left:var(--global-content-edge-padding);padding-right:var(--global-content-edge-padding);padding-top:0px;padding-right:0px;padding-bottom:0px;padding-left:0px;grid-template-columns:minmax(0, 1fr);}.kb-row-layout-id1476_1081ff-17 > .kt-row-layout-overlay{opacity:0.30;}@media all and (max-width: 1024px){.kb-row-layout-id1476_1081ff-17 > .kt-row-column-wrap{column-gap:var(--global-kb-gap-md, 2rem);row-gap:var(--global-kb-gap-md, 2rem);padding-top:0px;padding-right:0px;padding-bottom:0px;padding-left:0px;grid-template-columns:minmax(0, 1fr);}}@media all and (max-width: 767px){.kb-row-layout-id1476_1081ff-17 > .kt-row-column-wrap{column-gap:var(--global-kb-gap-md, 2rem);row-gap:var(--global-kb-gap-md, 2rem);padding-top:0px;padding-right:0px;padding-bottom:0px;padding-left:0px;grid-template-columns:minmax(0, 1fr);}}<\/style><div class=\"kb-row-layout-wrap kb-row-layout-id1476_1081ff-17 alignnone wp-block-kadence-rowlayout\"><div class=\"kt-row-column-wrap kt-has-1-columns kt-row-layout-equal kt-tab-layout-inherit kt-mobile-layout-row kt-row-valign-top kb-theme-content-width\">\n<style>.kadence-column1476_e7ec4e-3c > .kt-inside-inner-col{padding-top:var(--global-kb-spacing-md, 2rem);padding-right:var(--global-kb-spacing-md, 2rem);padding-bottom:var(--global-kb-spacing-md, 2rem);padding-left:var(--global-kb-spacing-md, 2rem);}.kadence-column1476_e7ec4e-3c > .kt-inside-inner-col,.kadence-column1476_e7ec4e-3c > .kt-inside-inner-col:before{border-top-left-radius:0.5em;border-top-right-radius:0.5em;border-bottom-right-radius:0.5em;border-bottom-left-radius:0.5em;}.kadence-column1476_e7ec4e-3c > .kt-inside-inner-col{column-gap:var(--global-kb-gap-sm, 1rem);}.kadence-column1476_e7ec4e-3c > .kt-inside-inner-col{flex-direction:column;}.kadence-column1476_e7ec4e-3c > .kt-inside-inner-col > .aligncenter{width:100%;}.kadence-column1476_e7ec4e-3c > .kt-inside-inner-col{background-image:url('https:\/\/marielystnycamping.dk\/wp-content\/uploads\/Marinlyst-Ny-Camping-56.jpg');background-size:cover;background-position:center center;background-attachment:scroll;background-repeat:no-repeat;}.kadence-column1476_e7ec4e-3c > .kt-inside-inner-col:before{opacity:0.75;background-color:var(--global-palette3, #1A202C);}.kadence-column1476_e7ec4e-3c{position:relative;}@media all and (max-width: 1024px){.kadence-column1476_e7ec4e-3c > .kt-inside-inner-col{padding-top:var(--global-kb-spacing-sm, 1.5rem);padding-right:var(--global-kb-spacing-sm, 1.5rem);padding-bottom:var(--global-kb-spacing-sm, 1.5rem);padding-left:var(--global-kb-spacing-sm, 1.5rem);flex-direction:column;justify-content:center;}}@media all and (max-width: 767px){.kadence-column1476_e7ec4e-3c > .kt-inside-inner-col{flex-direction:column;justify-content:center;}}<\/style>\n<div class=\"wp-block-kadence-column kadence-column1476_e7ec4e-3c kb-section-has-overlay\"><div class=\"kt-inside-inner-col\"><style>.wp-block-kadence-advancedheading.kt-adv-heading1476_75436b-31, .wp-block-kadence-advancedheading.kt-adv-heading1476_75436b-31[data-kb-block=\"kb-adv-heading1476_75436b-31\"]{max-width:400px;font-size:var(--global-kb-font-size-lg, 2rem);font-style:normal;}.wp-block-kadence-advancedheading.kt-adv-heading1476_75436b-31 mark.kt-highlight, .wp-block-kadence-advancedheading.kt-adv-heading1476_75436b-31[data-kb-block=\"kb-adv-heading1476_75436b-31\"] mark.kt-highlight{font-family:Kalam;font-weight:400;font-style:normal;color:var(--global-palette1, #3182CE);-webkit-box-decoration-break:clone;box-decoration-break:clone;padding-top:0px;padding-right:0px;padding-bottom:0px;padding-left:0px;}.wp-block-kadence-advancedheading.kt-adv-heading1476_75436b-31 img.kb-inline-image, .wp-block-kadence-advancedheading.kt-adv-heading1476_75436b-31[data-kb-block=\"kb-adv-heading1476_75436b-31\"] img.kb-inline-image{width:150px;vertical-align:baseline;}<\/style>\n<h3 class=\"kt-adv-heading1476_75436b-31 wp-block-kadence-advancedheading has-theme-palette-9-color has-text-color\" data-kb-block=\"kb-adv-heading1476_75436b-31\">Buchen Sie Ihren Urlaub \u00fcber unser <mark true=\"true\" class=\"kt-highlight\">Online-Buchungssystem<\/mark><\/h3>\n\n\n<style>.wp-block-kadence-advancedheading.kt-adv-heading1476_892a19-5d, .wp-block-kadence-advancedheading.kt-adv-heading1476_892a19-5d[data-kb-block=\"kb-adv-heading1476_892a19-5d\"]{max-width:675px;font-style:normal;}.wp-block-kadence-advancedheading.kt-adv-heading1476_892a19-5d mark.kt-highlight, .wp-block-kadence-advancedheading.kt-adv-heading1476_892a19-5d[data-kb-block=\"kb-adv-heading1476_892a19-5d\"] mark.kt-highlight{font-family:Kalam;font-weight:400;font-style:normal;color:var(--global-palette1, #3182CE);-webkit-box-decoration-break:clone;box-decoration-break:clone;padding-top:0px;padding-right:0px;padding-bottom:0px;padding-left:0px;}.wp-block-kadence-advancedheading.kt-adv-heading1476_892a19-5d img.kb-inline-image, .wp-block-kadence-advancedheading.kt-adv-heading1476_892a19-5d[data-kb-block=\"kb-adv-heading1476_892a19-5d\"] img.kb-inline-image{width:150px;vertical-align:baseline;}<\/style>\n<p class=\"kt-adv-heading1476_892a19-5d wp-block-kadence-advancedheading has-theme-palette-9-color has-text-color\" data-kb-block=\"kb-adv-heading1476_892a19-5d\">Planen Sie Ihren Urlaub in aller Ruhe \u2013 pr\u00fcfen Sie verf\u00fcgbare Zeitr\u00e4ume, finden Sie den passenden Stellplatz und buchen Sie online, wenn es Ihnen passt.<\/p>\n\n\n<style>.wp-block-kadence-advancedbtn.kb-btns1476_0d4fa0-ff{gap:var(--global-kb-gap-xs, 0.5rem );justify-content:flex-start;align-items:center;}.kt-btns1476_0d4fa0-ff .kt-button{font-weight:normal;font-style:normal;}.kt-btns1476_0d4fa0-ff .kt-btn-wrap-0{margin-right:5px;}.wp-block-kadence-advancedbtn.kt-btns1476_0d4fa0-ff .kt-btn-wrap-0 .kt-button{color:#555555;border-color:#555555;}.wp-block-kadence-advancedbtn.kt-btns1476_0d4fa0-ff .kt-btn-wrap-0 .kt-button:hover, .wp-block-kadence-advancedbtn.kt-btns1476_0d4fa0-ff .kt-btn-wrap-0 .kt-button:focus{color:#ffffff;border-color:#444444;}.wp-block-kadence-advancedbtn.kt-btns1476_0d4fa0-ff .kt-btn-wrap-0 .kt-button::before{display:none;}.wp-block-kadence-advancedbtn.kt-btns1476_0d4fa0-ff .kt-btn-wrap-0 .kt-button:hover, .wp-block-kadence-advancedbtn.kt-btns1476_0d4fa0-ff .kt-btn-wrap-0 .kt-button:focus{background:#444444;}<\/style>\n<div class=\"wp-block-kadence-advancedbtn kb-buttons-wrap kb-btns1476_0d4fa0-ff\"><style>ul.menu .wp-block-kadence-advancedbtn .kb-btn1476_c098da-08.kb-button{width:initial;}<\/style><a class=\"kb-button kt-button button kb-btn1476_c098da-08 kt-btn-size-standard kt-btn-width-type-auto kb-btn-global-inherit  kt-btn-has-text-true kt-btn-has-svg-false  wp-block-button__link wp-block-kadence-singlebtn\" href=\"https:\/\/online.next-stay-booking.dk\/search\/e070dd9f-4df3-43fe-be40-4d9757d227bc\" target=\"_blank\" rel=\"noreferrer noopener\"><span class=\"kt-btn-inner-text\">Urlaub buchen<\/span><\/a><\/div>\n<\/div><\/div>\n\n<\/div><\/div><\/div><\/div>\n\n<\/div><\/div>","protected":false},"excerpt":{"rendered":"<p>Priser p\u00e5 camping P\u00e5 Marielyst Ny Camping er der mange m\u00e5der at v\u00e6re campist p\u00e5. Her p\u00e5 siden finder du vores priser til camping. \u00d8nsker du at finde priser p\u00e5 vores andre faciliteter s\u00e5som til telt eller i vores hyggelige hytter, s\u00e5 finder du det i drop down menuen under Priser \/ Booking. Vi gl\u00e6der&#8230;<\/p>","protected":false},"author":1,"featured_media":1035,"parent":0,"menu_order":0,"comment_status":"closed","ping_status":"closed","template":"","meta":{"_acf_changed":false,"inline_featured_image":false,"_kad_blocks_custom_css":"","_kad_blocks_head_custom_js":"","_kad_blocks_body_custom_js":"","_kad_blocks_footer_custom_js":"","_kad_post_transparent":"","_kad_post_title":"","_kad_post_layout":"","_kad_post_sidebar_id":"","_kad_post_content_style":"","_kad_post_vertical_padding":"","_kad_post_feature":"","_kad_post_feature_position":"","_kad_post_header":false,"_kad_post_footer":false,"_kad_post_classname":"","footnotes":""},"class_list":["post-1230","page","type-page","status-publish","has-post-thumbnail","hentry"],"acf":[],"taxonomy_info":[],"featured_image_src_large":["https:\/\/marielystnycamping.dk\/wp-content\/uploads\/Marinlyst-Ny-Camping-22-1024x576.jpg",1024,576,true],"author_info":{"display_name":"webto","author_link":"https:\/\/marielystnycamping.dk\/de\/author\/webto\/"},"comment_info":0,"_links":{"self":[{"href":"https:\/\/marielystnycamping.dk\/de\/wp-json\/wp\/v2\/pages\/1230","targetHints":{"allow":["GET"]}}],"collection":[{"href":"https:\/\/marielystnycamping.dk\/de\/wp-json\/wp\/v2\/pages"}],"about":[{"href":"https:\/\/marielystnycamping.dk\/de\/wp-json\/wp\/v2\/types\/page"}],"author":[{"embeddable":true,"href":"https:\/\/marielystnycamping.dk\/de\/wp-json\/wp\/v2\/users\/1"}],"replies":[{"embeddable":true,"href":"https:\/\/marielystnycamping.dk\/de\/wp-json\/wp\/v2\/comments?post=1230"}],"version-history":[{"count":17,"href":"https:\/\/marielystnycamping.dk\/de\/wp-json\/wp\/v2\/pages\/1230\/revisions"}],"predecessor-version":[{"id":1735,"href":"https:\/\/marielystnycamping.dk\/de\/wp-json\/wp\/v2\/pages\/1230\/revisions\/1735"}],"wp:featuredmedia":[{"embeddable":true,"href":"https:\/\/marielystnycamping.dk\/de\/wp-json\/wp\/v2\/media\/1035"}],"wp:attachment":[{"href":"https:\/\/marielystnycamping.dk\/de\/wp-json\/wp\/v2\/media?parent=1230"}],"curies":[{"name":"wp","href":"https:\/\/api.w.org\/{rel}","templated":true}]}}