{"id":1228,"date":"2025-11-10T09:23:45","date_gmt":"2025-11-10T08:23:45","guid":{"rendered":"https:\/\/marielystnycamping.dk.web09.webtohosting.dk\/?page_id=1228"},"modified":"2025-12-22T18:35:56","modified_gmt":"2025-12-22T17:35:56","slug":"praktisk-information","status":"publish","type":"page","link":"https:\/\/marielystnycamping.dk\/de\/praktisk-information\/","title":{"rendered":"Praktische Informationen"},"content":{"rendered":"<style>.kb-row-layout-id1228_c7661b-8a > .kt-row-column-wrap{align-content:start;}:where(.kb-row-layout-id1228_c7661b-8a > .kt-row-column-wrap) > .wp-block-kadence-column{justify-content:start;}.kb-row-layout-id1228_c7661b-8a > .kt-row-column-wrap{column-gap:var(--global-kb-gap-lg, 4rem);row-gap:var(--global-kb-gap-lg, 4rem);max-width:var( --global-content-width, 1350px );padding-left:var(--global-content-edge-padding);padding-right:var(--global-content-edge-padding);padding-top:var(--global-kb-spacing-3xl, 6.5rem);padding-bottom:var(--global-kb-spacing-3xl, 6.5rem);grid-template-columns:minmax(0, calc(60% - ((var(--global-kb-gap-lg, 4rem) * 1 )\/2)))minmax(0, calc(40% - ((var(--global-kb-gap-lg, 4rem) * 1 )\/2)));}.kb-row-layout-id1228_c7661b-8a > .kt-row-layout-overlay{opacity:0.30;}@media all and (max-width: 1024px){.kb-row-layout-id1228_c7661b-8a > .kt-row-column-wrap{column-gap:var(--global-kb-gap-md, 2rem);row-gap:var(--global-kb-gap-md, 2rem);padding-top:var(--global-kb-spacing-xl, 4rem);padding-bottom:var(--global-kb-spacing-xl, 4rem);grid-template-columns:repeat(2, minmax(0, 1fr));}}@media all and (max-width: 767px){.kb-row-layout-id1228_c7661b-8a > .kt-row-column-wrap{column-gap:var(--global-kb-gap-md, 2rem);row-gap:var(--global-kb-gap-md, 2rem);padding-top:var(--global-kb-spacing-lg, 3rem);padding-bottom:var(--global-kb-spacing-lg, 3rem);grid-template-columns:minmax(0, 1fr);}}<\/style><div class=\"kb-row-layout-wrap kb-row-layout-id1228_c7661b-8a alignnone wp-block-kadence-rowlayout\"><div class=\"kt-row-column-wrap kt-has-2-columns kt-row-layout-equal kt-tab-layout-inherit kt-mobile-layout-row kt-row-valign-top kb-theme-content-width\">\n<style>.kadence-column1228_10dbb9-7a > .kt-inside-inner-col,.kadence-column1228_10dbb9-7a > .kt-inside-inner-col:before{border-top-left-radius:0px;border-top-right-radius:0px;border-bottom-right-radius:0px;border-bottom-left-radius:0px;}.kadence-column1228_10dbb9-7a > .kt-inside-inner-col{column-gap:var(--global-kb-gap-sm, 1rem);}.kadence-column1228_10dbb9-7a > .kt-inside-inner-col{flex-direction:column;}.kadence-column1228_10dbb9-7a > .kt-inside-inner-col > .aligncenter{width:100%;}.kadence-column1228_10dbb9-7a > .kt-inside-inner-col:before{opacity:0.3;}.kadence-column1228_10dbb9-7a{position:relative;}@media all and (max-width: 1024px){.kadence-column1228_10dbb9-7a > .kt-inside-inner-col{flex-direction:column;justify-content:center;}}@media all and (max-width: 767px){.kadence-column1228_10dbb9-7a > .kt-inside-inner-col{flex-direction:column;justify-content:center;}}<\/style>\n<div class=\"wp-block-kadence-column kadence-column1228_10dbb9-7a\"><div class=\"kt-inside-inner-col\"><style>.wp-block-kadence-advancedheading.kt-adv-heading1228_a4de59-0d, .wp-block-kadence-advancedheading.kt-adv-heading1228_a4de59-0d[data-kb-block=\"kb-adv-heading1228_a4de59-0d\"]{max-width:675px;font-style:normal;}.wp-block-kadence-advancedheading.kt-adv-heading1228_a4de59-0d mark.kt-highlight, .wp-block-kadence-advancedheading.kt-adv-heading1228_a4de59-0d[data-kb-block=\"kb-adv-heading1228_a4de59-0d\"] mark.kt-highlight{font-family:Kalam;font-weight:400;font-style:normal;color:var(--global-palette1, #3182CE);-webkit-box-decoration-break:clone;box-decoration-break:clone;padding-top:0px;padding-right:0px;padding-bottom:0px;padding-left:0px;}.wp-block-kadence-advancedheading.kt-adv-heading1228_a4de59-0d img.kb-inline-image, .wp-block-kadence-advancedheading.kt-adv-heading1228_a4de59-0d[data-kb-block=\"kb-adv-heading1228_a4de59-0d\"] img.kb-inline-image{width:150px;vertical-align:baseline;}<\/style>\n<h2 class=\"kt-adv-heading1228_a4de59-0d wp-block-kadence-advancedheading\" data-kb-block=\"kb-adv-heading1228_a4de59-0d\">Praktische Informationen<\/h2>\n\n\n\n<p>Die Anweisungen des Lagerleiters sind zu befolgen. Sollten Zweifel bez\u00fcglich der Einheit oder der Bedingungen auf dem Platz entstehen, ist die Entscheidung des Lagerleiters ma\u00dfgebend. Bei Verst\u00f6\u00dfen gegen die Regeln kann ein Verweis vom Platz erfolgen.<\/p>\n\n\n<style>.wp-block-kadence-advancedheading.kt-adv-heading1228_6fe37d-9e, .wp-block-kadence-advancedheading.kt-adv-heading1228_6fe37d-9e[data-kb-block=\"kb-adv-heading1228_6fe37d-9e\"]{max-width:675px;font-style:normal;}.wp-block-kadence-advancedheading.kt-adv-heading1228_6fe37d-9e mark.kt-highlight, .wp-block-kadence-advancedheading.kt-adv-heading1228_6fe37d-9e[data-kb-block=\"kb-adv-heading1228_6fe37d-9e\"] mark.kt-highlight{font-family:Kalam;font-weight:400;font-style:normal;color:var(--global-palette1, #3182CE);-webkit-box-decoration-break:clone;box-decoration-break:clone;padding-top:0px;padding-right:0px;padding-bottom:0px;padding-left:0px;}.wp-block-kadence-advancedheading.kt-adv-heading1228_6fe37d-9e img.kb-inline-image, .wp-block-kadence-advancedheading.kt-adv-heading1228_6fe37d-9e[data-kb-block=\"kb-adv-heading1228_6fe37d-9e\"] img.kb-inline-image{width:150px;vertical-align:baseline;}<\/style>\n<h3 class=\"kt-adv-heading1228_6fe37d-9e wp-block-kadence-advancedheading\" data-kb-block=\"kb-adv-heading1228_6fe37d-9e\">Ankunft und Abreise<\/h3>\n\n\n\n<p>Sie k\u00f6nnen ab 14:00 Uhr einchecken, wenn die Einheit frei ist. Wenn der Urlaub vorbei ist und es Zeit ist, nach Hause zu fahren, m\u00fcssen Sie sp\u00e4testens um 11:00 Uhr abreisen. Die Abrechnung muss am Abreisetag zwischen 09:00 und 11:00 Uhr erfolgen.&nbsp;<\/p>\n\n\n\n<p>Bei der Ankunft erhalten Sie eine Chipkarte, die als Schl\u00fcsselkarte f\u00fcr die Eingangsschranke, Duschen und Toiletten dient. Wenn die Karte verloren geht, kontaktieren Sie bitte schnellstm\u00f6glich den Laden\/die Rezeption. Die Chipkarte ist pers\u00f6nlich und darf nicht zum \u00d6ffnen f\u00fcr andere G\u00e4ste verwendet werden.<\/p>\n\n\n<style>.wp-block-kadence-advancedheading.kt-adv-heading1228_a0a9b7-d8, .wp-block-kadence-advancedheading.kt-adv-heading1228_a0a9b7-d8[data-kb-block=\"kb-adv-heading1228_a0a9b7-d8\"]{max-width:675px;font-style:normal;}.wp-block-kadence-advancedheading.kt-adv-heading1228_a0a9b7-d8 mark.kt-highlight, .wp-block-kadence-advancedheading.kt-adv-heading1228_a0a9b7-d8[data-kb-block=\"kb-adv-heading1228_a0a9b7-d8\"] mark.kt-highlight{font-family:Kalam;font-weight:400;font-style:normal;color:var(--global-palette1, #3182CE);-webkit-box-decoration-break:clone;box-decoration-break:clone;padding-top:0px;padding-right:0px;padding-bottom:0px;padding-left:0px;}.wp-block-kadence-advancedheading.kt-adv-heading1228_a0a9b7-d8 img.kb-inline-image, .wp-block-kadence-advancedheading.kt-adv-heading1228_a0a9b7-d8[data-kb-block=\"kb-adv-heading1228_a0a9b7-d8\"] img.kb-inline-image{width:150px;vertical-align:baseline;}<\/style>\n<h3 class=\"kt-adv-heading1228_a0a9b7-d8 wp-block-kadence-advancedheading\" data-kb-block=\"kb-adv-heading1228_a0a9b7-d8\">Quickstop<\/h3>\n\n\n\n<p>Wenn Sie eine schnelle \u00dcbernachtung w\u00fcnschen, ohne unsere Einrichtungen nutzen zu m\u00fcssen, k\u00f6nnen die Quickstop-Pl\u00e4tze ohne Strom au\u00dferhalb der Schranke im Zeitraum von 20:00 bis 08:00 Uhr gegen Geb\u00fchr genutzt werden. Es besteht die M\u00f6glichkeit, Dusche, Wasserauff\u00fcllung und Abwasserentsorgung hinzu zu kaufen. Rufen Sie f\u00fcr Buchung und Preise an.<\/p>\n\n\n<style>.wp-block-kadence-advancedheading.kt-adv-heading1228_1af9ff-e4, .wp-block-kadence-advancedheading.kt-adv-heading1228_1af9ff-e4[data-kb-block=\"kb-adv-heading1228_1af9ff-e4\"]{max-width:675px;font-style:normal;}.wp-block-kadence-advancedheading.kt-adv-heading1228_1af9ff-e4 mark.kt-highlight, .wp-block-kadence-advancedheading.kt-adv-heading1228_1af9ff-e4[data-kb-block=\"kb-adv-heading1228_1af9ff-e4\"] mark.kt-highlight{font-family:Kalam;font-weight:400;font-style:normal;color:var(--global-palette1, #3182CE);-webkit-box-decoration-break:clone;box-decoration-break:clone;padding-top:0px;padding-right:0px;padding-bottom:0px;padding-left:0px;}.wp-block-kadence-advancedheading.kt-adv-heading1228_1af9ff-e4 img.kb-inline-image, .wp-block-kadence-advancedheading.kt-adv-heading1228_1af9ff-e4[data-kb-block=\"kb-adv-heading1228_1af9ff-e4\"] img.kb-inline-image{width:150px;vertical-align:baseline;}<\/style>\n<h3 class=\"kt-adv-heading1228_1af9ff-e4 wp-block-kadence-advancedheading\" data-kb-block=\"kb-adv-heading1228_1af9ff-e4\">Schranke und Auto<\/h3>\n\n\n\n<p>Die Schranke ist im Zeitraum von 22:00 bis 07:00 Uhr geschlossen. In dieser Zeit ist das Fahren auf dem Campingplatz nicht erlaubt. Die maximale Geschwindigkeit auf dem Platz betr\u00e4gt 10 km\/h, und es gilt Einbahnverkehr. Bitte folgen Sie den Wegen und Pfaden und respektieren Sie die Privatsph\u00e4re Ihrer Mitcamper.<\/p>\n\n\n\n<p>Es ist maximal ein Auto pro Stellplatz erlaubt. Ein weiteres Auto muss auf dem Parkplatz abgestellt werden. Elektroautos, Hybridautos und \u00e4hnliche Fahrzeuge k\u00f6nnen auf dem Parkplatz geladen werden (nicht auf dem Stellplatz).<\/p>\n\n\n<style>.wp-block-kadence-advancedheading.kt-adv-heading1228_cb820c-fa, .wp-block-kadence-advancedheading.kt-adv-heading1228_cb820c-fa[data-kb-block=\"kb-adv-heading1228_cb820c-fa\"]{max-width:675px;font-style:normal;}.wp-block-kadence-advancedheading.kt-adv-heading1228_cb820c-fa mark.kt-highlight, .wp-block-kadence-advancedheading.kt-adv-heading1228_cb820c-fa[data-kb-block=\"kb-adv-heading1228_cb820c-fa\"] mark.kt-highlight{font-family:Kalam;font-weight:400;font-style:normal;color:var(--global-palette1, #3182CE);-webkit-box-decoration-break:clone;box-decoration-break:clone;padding-top:0px;padding-right:0px;padding-bottom:0px;padding-left:0px;}.wp-block-kadence-advancedheading.kt-adv-heading1228_cb820c-fa img.kb-inline-image, .wp-block-kadence-advancedheading.kt-adv-heading1228_cb820c-fa[data-kb-block=\"kb-adv-heading1228_cb820c-fa\"] img.kb-inline-image{width:150px;vertical-align:baseline;}<\/style>\n<h3 class=\"kt-adv-heading1228_cb820c-fa wp-block-kadence-advancedheading\" data-kb-block=\"kb-adv-heading1228_cb820c-fa\">Brandschutz<\/h3>\n\n\n\n<p>Beim Aufstellen von Wohnwagen und Vorzelt muss ein Brandschutzabstand von 3 Metern zum n\u00e4chsten Fahrzeug eingehalten werden. Elektrische Heizger\u00e4te im Vorzelt sind nicht erlaubt.<\/p>\n\n\n\n<p>Offene Feuer sind nicht erlaubt (nur nach Absprache mit dem Lagerleiter). Grillen ist auf dem Campingplatz erlaubt, sofern Aush\u00e4nge dies nicht untersagen. Denken Sie an ausreichenden Abstand zu Zelten, Wohnwagen, H\u00fctten usw. Einweggrills d\u00fcrfen nicht direkt auf dem Gras stehen.<\/p>\n\n\n<style>.wp-block-kadence-advancedheading.kt-adv-heading1228_e4d1d3-2a, .wp-block-kadence-advancedheading.kt-adv-heading1228_e4d1d3-2a[data-kb-block=\"kb-adv-heading1228_e4d1d3-2a\"]{max-width:675px;font-style:normal;}.wp-block-kadence-advancedheading.kt-adv-heading1228_e4d1d3-2a mark.kt-highlight, .wp-block-kadence-advancedheading.kt-adv-heading1228_e4d1d3-2a[data-kb-block=\"kb-adv-heading1228_e4d1d3-2a\"] mark.kt-highlight{font-family:Kalam;font-weight:400;font-style:normal;color:var(--global-palette1, #3182CE);-webkit-box-decoration-break:clone;box-decoration-break:clone;padding-top:0px;padding-right:0px;padding-bottom:0px;padding-left:0px;}.wp-block-kadence-advancedheading.kt-adv-heading1228_e4d1d3-2a img.kb-inline-image, .wp-block-kadence-advancedheading.kt-adv-heading1228_e4d1d3-2a[data-kb-block=\"kb-adv-heading1228_e4d1d3-2a\"] img.kb-inline-image{width:150px;vertical-align:baseline;}<\/style>\n<h3 class=\"kt-adv-heading1228_e4d1d3-2a wp-block-kadence-advancedheading\" data-kb-block=\"kb-adv-heading1228_e4d1d3-2a\">Nachtruhe zwischen 23:00 und 07:00 Uhr<\/h3>\n\n\n\n<p>Auf dem Campingplatz muss zwischen 23:00 und 07:00 Uhr Ruhe herrschen, und es ist stets R\u00fccksicht und Respekt gegen\u00fcber Ihren Mitcampern zu zeigen. Musik usw. darf au\u00dferhalb des eigenen Zeltes\/Wohnwagens\/H\u00fctte nicht zu h\u00f6ren sein. Die Spielpl\u00e4tze sind von 08:00 bis 22:00 Uhr ge\u00f6ffnet.<\/p>\n\n\n<style>.wp-block-kadence-advancedheading.kt-adv-heading1228_925b48-5c, .wp-block-kadence-advancedheading.kt-adv-heading1228_925b48-5c[data-kb-block=\"kb-adv-heading1228_925b48-5c\"]{max-width:675px;font-style:normal;}.wp-block-kadence-advancedheading.kt-adv-heading1228_925b48-5c mark.kt-highlight, .wp-block-kadence-advancedheading.kt-adv-heading1228_925b48-5c[data-kb-block=\"kb-adv-heading1228_925b48-5c\"] mark.kt-highlight{font-family:Kalam;font-weight:400;font-style:normal;color:var(--global-palette1, #3182CE);-webkit-box-decoration-break:clone;box-decoration-break:clone;padding-top:0px;padding-right:0px;padding-bottom:0px;padding-left:0px;}.wp-block-kadence-advancedheading.kt-adv-heading1228_925b48-5c img.kb-inline-image, .wp-block-kadence-advancedheading.kt-adv-heading1228_925b48-5c[data-kb-block=\"kb-adv-heading1228_925b48-5c\"] img.kb-inline-image{width:150px;vertical-align:baseline;}<\/style>\n<h3 class=\"kt-adv-heading1228_925b48-5c wp-block-kadence-advancedheading\" data-kb-block=\"kb-adv-heading1228_925b48-5c\">Wasserzapfstellen<\/h3>\n\n\n\n<p>Wasserzapfstellen d\u00fcrfen nicht zur Entsorgung von Abwasser genutzt werden. Abwasser ist in den Ausgussbecken f\u00fcr chemische Toiletten zu entsorgen.<\/p>\n\n\n<style>.wp-block-kadence-advancedheading.kt-adv-heading1228_a05dac-f4, .wp-block-kadence-advancedheading.kt-adv-heading1228_a05dac-f4[data-kb-block=\"kb-adv-heading1228_a05dac-f4\"]{max-width:675px;font-style:normal;}.wp-block-kadence-advancedheading.kt-adv-heading1228_a05dac-f4 mark.kt-highlight, .wp-block-kadence-advancedheading.kt-adv-heading1228_a05dac-f4[data-kb-block=\"kb-adv-heading1228_a05dac-f4\"] mark.kt-highlight{font-family:Kalam;font-weight:400;font-style:normal;color:var(--global-palette1, #3182CE);-webkit-box-decoration-break:clone;box-decoration-break:clone;padding-top:0px;padding-right:0px;padding-bottom:0px;padding-left:0px;}.wp-block-kadence-advancedheading.kt-adv-heading1228_a05dac-f4 img.kb-inline-image, .wp-block-kadence-advancedheading.kt-adv-heading1228_a05dac-f4[data-kb-block=\"kb-adv-heading1228_a05dac-f4\"] img.kb-inline-image{width:150px;vertical-align:baseline;}<\/style>\n<h3 class=\"kt-adv-heading1228_a05dac-f4 wp-block-kadence-advancedheading\" data-kb-block=\"kb-adv-heading1228_a05dac-f4\">Drahtloses Internet<\/h3>\n\n\n\n<p>Auf Marielyst Ny Camping haben wir drahtloses Internet auf dem Platz eingerichtet. Die Nutzung des Internets ist kostenlos. Um das Netzwerk zu nutzen, m\u00fcssen Sie Ihren eigenen Computer, Ihr Tablet oder Ihr Telefon mitbringen.<\/p>\n\n\n\n<p>Wir k\u00f6nnen nicht garantieren, dass das Signal den gesamten Campingplatz abdeckt. Wenn Ihre Verbindung nicht gut ist, k\u00f6nnen Sie gerne im Aufenthaltsraum beim K\u00fcchenbereich oder im Aktivit\u00e4tsraum sitzen, wo Sie sich mit dem Netzwerk verbinden k\u00f6nnen.<\/p>\n\n\n<style>.wp-block-kadence-advancedheading.kt-adv-heading1228_33a682-f6, .wp-block-kadence-advancedheading.kt-adv-heading1228_33a682-f6[data-kb-block=\"kb-adv-heading1228_33a682-f6\"]{max-width:675px;font-style:normal;}.wp-block-kadence-advancedheading.kt-adv-heading1228_33a682-f6 mark.kt-highlight, .wp-block-kadence-advancedheading.kt-adv-heading1228_33a682-f6[data-kb-block=\"kb-adv-heading1228_33a682-f6\"] mark.kt-highlight{font-family:Kalam;font-weight:400;font-style:normal;color:var(--global-palette1, #3182CE);-webkit-box-decoration-break:clone;box-decoration-break:clone;padding-top:0px;padding-right:0px;padding-bottom:0px;padding-left:0px;}.wp-block-kadence-advancedheading.kt-adv-heading1228_33a682-f6 img.kb-inline-image, .wp-block-kadence-advancedheading.kt-adv-heading1228_33a682-f6[data-kb-block=\"kb-adv-heading1228_33a682-f6\"] img.kb-inline-image{width:150px;vertical-align:baseline;}<\/style>\n<h3 class=\"kt-adv-heading1228_33a682-f6 wp-block-kadence-advancedheading\" data-kb-block=\"kb-adv-heading1228_33a682-f6\">Cookie- &amp; Datenschutzrichtlinie<\/h3>\n\n\n\n<p><a href=\"\/de\/cookie-privatlivspolitik\/\">Hier k\u00f6nnen Sie mehr lesen<\/a><\/p>\n<\/div><\/div>\n\n\n<style>.kadence-column1228_3b3e25-db > .kt-inside-inner-col,.kadence-column1228_3b3e25-db > .kt-inside-inner-col:before{border-top-left-radius:0px;border-top-right-radius:0px;border-bottom-right-radius:0px;border-bottom-left-radius:0px;}.kadence-column1228_3b3e25-db > .kt-inside-inner-col{column-gap:var(--global-kb-gap-sm, 1rem);}.kadence-column1228_3b3e25-db > .kt-inside-inner-col{flex-direction:column;}.kadence-column1228_3b3e25-db > .kt-inside-inner-col > .aligncenter{width:100%;}.kadence-column1228_3b3e25-db > .kt-inside-inner-col:before{opacity:0.3;}.kadence-column1228_3b3e25-db{position:relative;}@media all and (max-width: 1024px){.kadence-column1228_3b3e25-db > .kt-inside-inner-col{flex-direction:column;justify-content:center;}}@media all and (max-width: 767px){.kadence-column1228_3b3e25-db > .kt-inside-inner-col{flex-direction:column;justify-content:center;}}<\/style>\n<div class=\"wp-block-kadence-column kadence-column1228_3b3e25-db\"><div class=\"kt-inside-inner-col\"><\/div><\/div>\n\n<\/div><\/div>","protected":false},"excerpt":{"rendered":"<p>Praktisk information Lejrchefens anvisninger skal f\u00f8lges. Opst\u00e5r der tvivlssp\u00f8rgsm\u00e5l i forbindelse med enheden eller forhold p\u00e5 pladsen, er lejrchefens beslutning afg\u00f8rende. Overtr\u00e6des reglerne, kan der ske bortvisning fra pladsen.\u200b Ankomst og afrejse I kan tjekke ind fra kl. 14.00, hvor enheden er fri. N\u00e5r ferien er slut og det er tid til at tage hjem,&#8230;<\/p>","protected":false},"author":1,"featured_media":1066,"parent":0,"menu_order":0,"comment_status":"closed","ping_status":"closed","template":"","meta":{"_acf_changed":false,"inline_featured_image":false,"_kad_blocks_custom_css":"","_kad_blocks_head_custom_js":"","_kad_blocks_body_custom_js":"","_kad_blocks_footer_custom_js":"","_kad_post_transparent":"","_kad_post_title":"","_kad_post_layout":"","_kad_post_sidebar_id":"","_kad_post_content_style":"","_kad_post_vertical_padding":"","_kad_post_feature":"","_kad_post_feature_position":"","_kad_post_header":false,"_kad_post_footer":false,"_kad_post_classname":"","footnotes":""},"class_list":["post-1228","page","type-page","status-publish","has-post-thumbnail","hentry"],"acf":[],"taxonomy_info":[],"featured_image_src_large":["https:\/\/marielystnycamping.dk\/wp-content\/uploads\/Marinlyst-Ny-Camping-56-1024x576.jpg",1024,576,true],"author_info":{"display_name":"webto","author_link":"https:\/\/marielystnycamping.dk\/de\/author\/webto\/"},"comment_info":0,"_links":{"self":[{"href":"https:\/\/marielystnycamping.dk\/de\/wp-json\/wp\/v2\/pages\/1228","targetHints":{"allow":["GET"]}}],"collection":[{"href":"https:\/\/marielystnycamping.dk\/de\/wp-json\/wp\/v2\/pages"}],"about":[{"href":"https:\/\/marielystnycamping.dk\/de\/wp-json\/wp\/v2\/types\/page"}],"author":[{"embeddable":true,"href":"https:\/\/marielystnycamping.dk\/de\/wp-json\/wp\/v2\/users\/1"}],"replies":[{"embeddable":true,"href":"https:\/\/marielystnycamping.dk\/de\/wp-json\/wp\/v2\/comments?post=1228"}],"version-history":[{"count":6,"href":"https:\/\/marielystnycamping.dk\/de\/wp-json\/wp\/v2\/pages\/1228\/revisions"}],"predecessor-version":[{"id":1820,"href":"https:\/\/marielystnycamping.dk\/de\/wp-json\/wp\/v2\/pages\/1228\/revisions\/1820"}],"wp:featuredmedia":[{"embeddable":true,"href":"https:\/\/marielystnycamping.dk\/de\/wp-json\/wp\/v2\/media\/1066"}],"wp:attachment":[{"href":"https:\/\/marielystnycamping.dk\/de\/wp-json\/wp\/v2\/media?parent=1228"}],"curies":[{"name":"wp","href":"https:\/\/api.w.org\/{rel}","templated":true}]}}